{"id":11168,"date":"2022-11-09T11:45:50","date_gmt":"2022-11-09T03:45:50","guid":{"rendered":"https:\/\/sellersunionagent.com\/?post_type=product&#038;p=11168"},"modified":"2022-11-09T11:45:51","modified_gmt":"2022-11-09T03:45:51","slug":"china-proveedor-multi-uso-funcional-bolsa-colgante","status":"publish","type":"product","link":"https:\/\/www.sellersunionagent.com\/es\/china-supplier-multi-functional-use-hanging-pouch\/","title":{"rendered":"Proveedor de China Bolsa colgante de uso multifuncional"},"content":{"rendered":"<h2>Bonita bolsa colgante, uso multifuncional, f\u00e1cil de usar en el exterior<\/h2>\n<p>&nbsp;<\/p>\n<p>&nbsp;<\/p>\n<p>1. El tejido es f\u00e1cil de lavar: La tela Oxford es un material duradero.<\/p>\n<p>&nbsp;<\/p>\n<p>2. Dise\u00f1o que ahorra espacio: dividida en varias bolsas peque\u00f1as para facilitar la organizaci\u00f3n y el almacenamiento, el dise\u00f1o colgante permite mover y colocar esta bolsa a voluntad para evitar que se encuentren las cosas.<\/p>\n<p>&nbsp;<\/p>\n<p>3. Seguro y c\u00f3modo: el producto es inodoro, no irritante y no fluorescente, por lo que puede utilizarlo sin preocupaciones.<\/p>\n<p>&nbsp;<\/p>\n<p>4. Dise\u00f1o que ahorra espacio: dividida en varias bolsas peque\u00f1as para facilitar la organizaci\u00f3n y el almacenamiento, el dise\u00f1o colgante permite mover y colocar esta bolsa a voluntad para evitar que se encuentren las cosas.<\/p>\n<p style=\"text-align: center\"><strong><b>Tipo<\/b><\/strong>: Neceser<\/p>\n<p style=\"text-align: center\"><strong><b>N\u00famero de art\u00edculo:<\/b><\/strong> JD007<\/p>\n<p style=\"text-align: center\"><strong><b>Tama\u00f1o del art\u00edculo<\/b><\/strong>:<\/p>\n<p style=\"text-align: center\">30x19x13cm<\/p>\n<p style=\"text-align: center\"><strong><b>Peso del art\u00edculo<\/b><\/strong>: 160g<\/p>\n<p style=\"text-align: center\"><strong><b>Material:<\/b><\/strong>Tejido Oxford<\/p>\n<p><img fetchpriority=\"high\" decoding=\"async\" class=\"aligncenter wp-image-11169\" src=\"https:\/\/www.sellersunionagent.com\/wp-content\/uploads\/2022\/11\/12896963156_808550193.jpg\" alt=\"Venta directa de f\u00e1brica en China\" width=\"600\" height=\"600\" \/> <img decoding=\"async\" class=\"aligncenter wp-image-11170\" src=\"https:\/\/www.sellersunionagent.com\/wp-content\/uploads\/2022\/11\/O1CN01B55U8f2FGGkC2zdoY_2206752948852-0-cib.jpg\" alt=\"Venta directa de f\u00e1brica en China\" width=\"600\" height=\"600\" \/> <img decoding=\"async\" class=\"aligncenter wp-image-11171\" src=\"https:\/\/www.sellersunionagent.com\/wp-content\/uploads\/2022\/11\/O1CN01bPnhbK2FGGk2L02pa_2206752948852-0-cib.jpg\" alt=\"Venta directa de f\u00e1brica en China\" width=\"600\" height=\"600\" \/> <img loading=\"lazy\" decoding=\"async\" class=\"aligncenter wp-image-11176\" src=\"https:\/\/www.sellersunionagent.com\/wp-content\/uploads\/2022\/11\/O1CN016fqoXb2FGGkDIRd3v_2206752948852-0-cib.jpg\" alt=\"Venta directa de f\u00e1brica en China\" width=\"600\" height=\"600\" srcset=\"https:\/\/www.sellersunionagent.com\/wp-content\/uploads\/2022\/11\/O1CN016fqoXb2FGGkDIRd3v_2206752948852-0-cib.jpg 800w, https:\/\/www.sellersunionagent.com\/wp-content\/uploads\/2022\/11\/O1CN016fqoXb2FGGkDIRd3v_2206752948852-0-cib-100x100.jpg 100w\" sizes=\"(max-width: 600px) 100vw, 600px\" \/> <img loading=\"lazy\" decoding=\"async\" class=\"aligncenter wp-image-11177\" src=\"https:\/\/www.sellersunionagent.com\/wp-content\/uploads\/2022\/11\/O1CN019efa602FGGk4dgsbq_2206752948852-0-cib.jpg\" alt=\"Venta directa de f\u00e1brica en China\" width=\"600\" height=\"600\" \/><\/p>","protected":false},"excerpt":{"rendered":"<p><strong><b>MOQ<\/b><\/strong>:  1000 piezas<br \/>\n<strong><b>Muestra gratuita<\/b><\/strong>:  Soporte<br \/>\n<strong><b>Personalizaci\u00f3n<\/b><\/strong>logo \/ color \/ materiales \/ embalaje, etc.<br \/>\n<strong><b>Descuento<\/b><\/strong>:  Primeros pedidos desde 10% de descuento.<br \/>\n<strong><b>Porcentaje de entregas a tiempo<\/b><\/strong>:\u00a0 100%<br \/>\n<strong><b>Env\u00edos totales<\/b><\/strong>:  10000 piezas<br \/>\n<strong><b>Env\u00edo<\/b><\/strong>: Apoyo Express-Carga mar\u00edtima-Carga terrestre<\/p>","protected":false},"featured_media":11170,"comment_status":"open","ping_status":"closed","template":"","meta":{"_acf_changed":false},"product_brand":[],"product_cat":[33],"product_tag":[87,90,63],"class_list":{"0":"post-11168","1":"product","2":"type-product","3":"status-publish","4":"has-post-thumbnail","6":"product_cat-toiletry-bag","7":"product_tag-bulk-wholesale","8":"product_tag-storage-bag","9":"product_tag-washing-baghangingtoiletry-bag","11":"first","12":"instock","13":"shipping-taxable","14":"product-type-simple","15":"swiper-slide"},"acf":[],"_links":{"self":[{"href":"https:\/\/www.sellersunionagent.com\/es\/wp-json\/wp\/v2\/product\/11168","targetHints":{"allow":["GET"]}}],"collection":[{"href":"https:\/\/www.sellersunionagent.com\/es\/wp-json\/wp\/v2\/product"}],"about":[{"href":"https:\/\/www.sellersunionagent.com\/es\/wp-json\/wp\/v2\/types\/product"}],"replies":[{"embeddable":true,"href":"https:\/\/www.sellersunionagent.com\/es\/wp-json\/wp\/v2\/comments?post=11168"}],"wp:featuredmedia":[{"embeddable":true,"href":"https:\/\/www.sellersunionagent.com\/es\/wp-json\/wp\/v2\/media\/11170"}],"wp:attachment":[{"href":"https:\/\/www.sellersunionagent.com\/es\/wp-json\/wp\/v2\/media?parent=11168"}],"wp:term":[{"taxonomy":"product_brand","embeddable":true,"href":"https:\/\/www.sellersunionagent.com\/es\/wp-json\/wp\/v2\/product_brand?post=11168"},{"taxonomy":"product_cat","embeddable":true,"href":"https:\/\/www.sellersunionagent.com\/es\/wp-json\/wp\/v2\/product_cat?post=11168"},{"taxonomy":"product_tag","embeddable":true,"href":"https:\/\/www.sellersunionagent.com\/es\/wp-json\/wp\/v2\/product_tag?post=11168"}],"curies":[{"name":"wp","href":"https:\/\/api.w.org\/{rel}","templated":true}]}}