{"id":11131,"date":"2022-11-07T15:17:41","date_gmt":"2022-11-07T07:17:41","guid":{"rendered":"https:\/\/sellersunionagent.com\/?post_type=product&#038;p=11131"},"modified":"2022-11-07T15:17:43","modified_gmt":"2022-11-07T07:17:43","slug":"bolsa-de-almacenamiento-al-por-mayor-para-peluches-ideal-para-organizar-los-regalos-de-ninos-y-ninas","status":"publish","type":"product","link":"https:\/\/www.sellersunionagent.com\/es\/wholesale-plush-toy-storage-bag-for-organizing-boys-and-girls-gift\/","title":{"rendered":"Bolsa de almacenamiento al por mayor para peluches, ideal para organizar los regalos de ni\u00f1os y ni\u00f1as."},"content":{"rendered":"<h2 id=\"title\" class=\"a-size-large a-spacing-none\"><span id=\"productTitle\" class=\"a-size-large product-title-word-break\">\u00a0Funda para sill\u00f3n puff con forma de animal para la habitaci\u00f3n de los ni\u00f1os, regalos para beb\u00e9s.<\/span><\/h2>\n<p>&nbsp;<\/p>\n<p>&nbsp;<\/p>\n<ul>\n<li>Dise\u00f1o apto para ni\u00f1os<\/li>\n<\/ul>\n<p>&nbsp;<\/p>\n<p>&nbsp;<\/p>\n<ul>\n<li>Lona de algod\u00f3n de alta calidad<\/li>\n<\/ul>\n<p>&nbsp;<\/p>\n<p>&nbsp;<\/p>\n<ul>\n<li>El mejor regalo para la familia<\/li>\n<\/ul>\n<p>&nbsp;<\/p>\n<p>&nbsp;<\/p>\n<ul>\n<li>Oculta el desorden y hazlo.<\/li>\n<\/ul>\n<p style=\"text-align: center\"><strong><b>Tipo<\/b><\/strong>: Almacenamiento en casa<\/p>\n<p style=\"text-align: center\"><strong><b>N\u00famero de art\u00edculo:<\/b><\/strong> JD003<\/p>\n<p style=\"text-align: center\"><strong><b>Tama\u00f1o del art\u00edculo<\/b><\/strong>:<\/p>\n<p style=\"text-align: center\">60*60*60<\/p>\n<p style=\"text-align: center\"><strong><b>Peso del art\u00edculo<\/b><\/strong>: 310 g<\/p>\n<p style=\"text-align: center\"><strong><b>Material:<\/b><\/strong>Lienzo<\/p>\n<p><img fetchpriority=\"high\" decoding=\"async\" class=\"aligncenter wp-image-11132\" src=\"https:\/\/www.sellersunionagent.com\/wp-content\/uploads\/2022\/11\/14033016639_808550193.jpg\" alt=\"almacenamiento dom\u00e9stico\" width=\"600\" height=\"600\" \/> <img decoding=\"async\" class=\"aligncenter wp-image-11133\" src=\"https:\/\/www.sellersunionagent.com\/wp-content\/uploads\/2022\/11\/14033034357_808550193.jpg\" alt=\"almacenamiento dom\u00e9stico\" width=\"600\" height=\"600\" \/> <img decoding=\"async\" class=\"aligncenter wp-image-11134\" src=\"https:\/\/www.sellersunionagent.com\/wp-content\/uploads\/2022\/11\/14070574026_808550193.jpg\" alt=\"almacenamiento dom\u00e9stico\" width=\"600\" height=\"600\" \/> <img loading=\"lazy\" decoding=\"async\" class=\"aligncenter wp-image-11135\" src=\"https:\/\/www.sellersunionagent.com\/wp-content\/uploads\/2022\/11\/14119304590_808550193.jpg\" alt=\"almacenamiento dom\u00e9stico\" width=\"600\" height=\"600\" \/> <img loading=\"lazy\" decoding=\"async\" class=\"aligncenter wp-image-11136\" src=\"https:\/\/www.sellersunionagent.com\/wp-content\/uploads\/2022\/11\/O1CN01Bv5Iyv2FGGeBzknOU_2206752948852-0-cib.jpg\" alt=\"almacenamiento dom\u00e9stico\" width=\"600\" height=\"600\" \/> <img loading=\"lazy\" decoding=\"async\" class=\"aligncenter wp-image-11137\" src=\"https:\/\/www.sellersunionagent.com\/wp-content\/uploads\/2022\/11\/O1CN01GwORbT2FGGe2eOVFX_2206752948852-0-cib.jpg\" alt=\"almacenamiento dom\u00e9stico\" width=\"600\" height=\"600\" \/><\/p>","protected":false},"excerpt":{"rendered":"<p><strong><b>MOQ<\/b><\/strong>:  1000 piezas<br \/>\n<strong><b>Muestra gratuita<\/b><\/strong>:  Soporte<br \/>\n<strong><b>Personalizaci\u00f3n<\/b><\/strong>logo \/ color \/ materiales \/ embalaje, etc.<br \/>\n<strong><b>Descuento<\/b><\/strong>:  Primeros pedidos desde 10% de descuento.<br \/>\n<strong><b>Porcentaje de entregas a tiempo<\/b><\/strong>:\u00a0 100%<br \/>\n<strong><b>Env\u00edos totales<\/b><\/strong>:  10000 piezas<br \/>\n<strong><b>Env\u00edo<\/b><\/strong>: Apoyo Express-Carga mar\u00edtima-Carga terrestre<\/p>","protected":false},"featured_media":11138,"comment_status":"open","ping_status":"closed","template":"","meta":{"_acf_changed":false},"product_brand":[],"product_cat":[31],"product_tag":[71,43,80,93],"class_list":{"0":"post-11131","1":"product","2":"type-product","3":"status-publish","4":"has-post-thumbnail","6":"product_cat-home-storage","7":"product_tag-durable","8":"product_tag-fashion","9":"product_tag-hot-sales","10":"product_tag-storage","12":"first","13":"instock","14":"shipping-taxable","15":"product-type-simple","16":"swiper-slide"},"acf":[],"_links":{"self":[{"href":"https:\/\/www.sellersunionagent.com\/es\/wp-json\/wp\/v2\/product\/11131","targetHints":{"allow":["GET"]}}],"collection":[{"href":"https:\/\/www.sellersunionagent.com\/es\/wp-json\/wp\/v2\/product"}],"about":[{"href":"https:\/\/www.sellersunionagent.com\/es\/wp-json\/wp\/v2\/types\/product"}],"replies":[{"embeddable":true,"href":"https:\/\/www.sellersunionagent.com\/es\/wp-json\/wp\/v2\/comments?post=11131"}],"wp:featuredmedia":[{"embeddable":true,"href":"https:\/\/www.sellersunionagent.com\/es\/wp-json\/wp\/v2\/media\/11138"}],"wp:attachment":[{"href":"https:\/\/www.sellersunionagent.com\/es\/wp-json\/wp\/v2\/media?parent=11131"}],"wp:term":[{"taxonomy":"product_brand","embeddable":true,"href":"https:\/\/www.sellersunionagent.com\/es\/wp-json\/wp\/v2\/product_brand?post=11131"},{"taxonomy":"product_cat","embeddable":true,"href":"https:\/\/www.sellersunionagent.com\/es\/wp-json\/wp\/v2\/product_cat?post=11131"},{"taxonomy":"product_tag","embeddable":true,"href":"https:\/\/www.sellersunionagent.com\/es\/wp-json\/wp\/v2\/product_tag?post=11131"}],"curies":[{"name":"wp","href":"https:\/\/api.w.org\/{rel}","templated":true}]}}