{"id":10938,"date":"2022-10-29T10:48:03","date_gmt":"2022-10-29T02:48:03","guid":{"rendered":"https:\/\/sellersunionagent.com\/?post_type=product&#038;p=10938"},"modified":"2022-10-29T10:48:11","modified_gmt":"2022-10-29T02:48:11","slug":"venta-al-por-mayor-caja-frigorifico-para-frutas-y-verduras-y-carne","status":"publish","type":"product","link":"https:\/\/www.sellersunionagent.com\/es\/wholesale-pet-refrigerator-storage-box-for-fruits-and-veg-and-meat\/","title":{"rendered":"Mayorista Caja frigor\u00edfica PET para frutas, verduras y carne"},"content":{"rendered":"<h2 id=\"title\" class=\"a-size-large a-spacing-none\"><span id=\"productTitle\" class=\"a-size-large product-title-word-break\">Recipientes apilables para fruta, verdura y carne - Recipientes de pl\u00e1stico con rejilla de ventilaci\u00f3n - PET apto para uso alimentario<\/span><\/h2>\n<p>&nbsp;<\/p>\n<p>&nbsp;<\/p>\n<ul>\n<li><strong>MATERIALES SEGUROS<\/strong> - Los cajones organizadores del frigor\u00edfico est\u00e1n fabricados con material PET de alta calidad, sin bpa. Resistente a altas y bajas temperaturas, super resistente para un uso prolongado. \u00a1Diga adi\u00f3s a esas bolsas de pl\u00e1stico desechables baratas!<\/li>\n<\/ul>\n<p>&nbsp;<\/p>\n<p>&nbsp;<\/p>\n<ul>\n<li><strong>APILABLE<\/strong> - Cajones de nevera con nuevo dise\u00f1o redondeado, ranura reservada en la superficie superior que permite un apilado doble estable y no es f\u00e1cil que se caigan. Tanto la caja interior como la exterior son apilables y pueden utilizarse por separado, lo que proporciona el doble de espacio de almacenamiento.<\/li>\n<\/ul>\n<p>&nbsp;<\/p>\n<p>&nbsp;<\/p>\n<ul>\n<li><strong>ALMACENAMIENTO MULTIFUNCI\u00d3N<\/strong> - Estos cajones organizadores para frigor\u00edfico son muy vers\u00e1tiles, adecuados para guardar espinacas, lechuga, br\u00f3coli, apio, tomates, uvas, fresas, ar\u00e1ndanos, limones y otras verduras y frutas, aperitivos y bebidas. Satisface todas las necesidades de almacenamiento de alimentos de la familia.<\/li>\n<\/ul>\n<p>&nbsp;<\/p>\n<p style=\"text-align: center\"><strong><b>Tipo<\/b><\/strong>: Almacenamiento en casa<\/p>\n<p style=\"text-align: center\"><strong><b>N\u00famero de art\u00edculo:<\/b><\/strong> TY-9047-TY-9049<\/p>\n<p style=\"text-align: center\"><strong><b>Tama\u00f1o del art\u00edculo<\/b><\/strong>:<\/p>\n<p style=\"text-align: center\">S: 20*14*12,8 cm<\/p>\n<p style=\"text-align: center\">M: 24.5*17*13.8cm<\/p>\n<p style=\"text-align: center\">L: 29*20*15cm<\/p>\n<p style=\"text-align: center\"><strong><b>Peso del art\u00edculo<\/b><\/strong>: 255g\/366g\/510g<\/p>\n<p style=\"text-align: center\"><strong><b>Colores<\/b><\/strong>: Transparente<\/p>\n<p style=\"text-align: center\"><strong><b>Material: <\/b><\/strong>PET<\/p>\n<p><img fetchpriority=\"high\" decoding=\"async\" class=\"aligncenter wp-image-10941\" src=\"https:\/\/www.sellersunionagent.com\/wp-content\/uploads\/2022\/10\/\u56fe\u72472-1.png\" alt=\"Almacenamiento en casa\" width=\"600\" height=\"601\" \/><\/p>\n<p>&nbsp;<\/p>\n<p><img decoding=\"async\" class=\"aligncenter wp-image-10942\" src=\"https:\/\/www.sellersunionagent.com\/wp-content\/uploads\/2022\/10\/\u56fe\u72473-1.png\" alt=\"Almacenamiento en casa\" width=\"600\" height=\"600\" \/><\/p>\n<p><img decoding=\"async\" class=\"aligncenter wp-image-10940\" src=\"https:\/\/www.sellersunionagent.com\/wp-content\/uploads\/2022\/10\/\u56fe\u72471-1.png\" alt=\"Almacenamiento en casa\" width=\"600\" height=\"600\" \/><\/p>","protected":false},"excerpt":{"rendered":"<p><strong><b>MOQ<\/b><\/strong>:  1000 piezas<br \/>\n<strong><b>Muestra gratuita<\/b><\/strong>:  Soporte<br \/>\n<strong><b>Personalizaci\u00f3n<\/b><\/strong>logo \/ color \/ materiales \/ embalaje, etc.<br \/>\n<strong><b>Descuento<\/b><\/strong>:  Primeros pedidos desde 10% de descuento.<br \/>\n<strong><b>Porcentaje de entregas a tiempo<\/b><\/strong>:\u00a0 100%<br \/>\n<strong><b>Env\u00edos totales<\/b><\/strong>:  10000 piezas<br \/>\n<strong><b>Env\u00edo<\/b><\/strong>: Apoyo Express-Carga mar\u00edtima-Carga terrestre<\/p>","protected":false},"featured_media":10939,"comment_status":"open","ping_status":"closed","template":"","meta":{"_acf_changed":false},"product_brand":[],"product_cat":[31,188],"product_tag":[70,59,93],"class_list":{"0":"post-10938","1":"product","2":"type-product","3":"status-publish","4":"has-post-thumbnail","6":"product_cat-home-storage","7":"product_cat-kitchen","8":"product_tag-home-storage","9":"product_tag-multifunctional","10":"product_tag-storage","12":"first","13":"instock","14":"shipping-taxable","15":"product-type-simple","16":"swiper-slide"},"acf":[],"_links":{"self":[{"href":"https:\/\/www.sellersunionagent.com\/es\/wp-json\/wp\/v2\/product\/10938","targetHints":{"allow":["GET"]}}],"collection":[{"href":"https:\/\/www.sellersunionagent.com\/es\/wp-json\/wp\/v2\/product"}],"about":[{"href":"https:\/\/www.sellersunionagent.com\/es\/wp-json\/wp\/v2\/types\/product"}],"replies":[{"embeddable":true,"href":"https:\/\/www.sellersunionagent.com\/es\/wp-json\/wp\/v2\/comments?post=10938"}],"wp:featuredmedia":[{"embeddable":true,"href":"https:\/\/www.sellersunionagent.com\/es\/wp-json\/wp\/v2\/media\/10939"}],"wp:attachment":[{"href":"https:\/\/www.sellersunionagent.com\/es\/wp-json\/wp\/v2\/media?parent=10938"}],"wp:term":[{"taxonomy":"product_brand","embeddable":true,"href":"https:\/\/www.sellersunionagent.com\/es\/wp-json\/wp\/v2\/product_brand?post=10938"},{"taxonomy":"product_cat","embeddable":true,"href":"https:\/\/www.sellersunionagent.com\/es\/wp-json\/wp\/v2\/product_cat?post=10938"},{"taxonomy":"product_tag","embeddable":true,"href":"https:\/\/www.sellersunionagent.com\/es\/wp-json\/wp\/v2\/product_tag?post=10938"}],"curies":[{"name":"wp","href":"https:\/\/api.w.org\/{rel}","templated":true}]}}