{"id":10933,"date":"2022-10-29T10:36:39","date_gmt":"2022-10-29T02:36:39","guid":{"rendered":"https:\/\/sellersunionagent.com\/?post_type=product&#038;p=10933"},"modified":"2022-10-29T10:36:41","modified_gmt":"2022-10-29T02:36:41","slug":"caja-de-almacenamiento-rectangular-muy-vendida-caja-organizadora-para-el-refrigerador-de-la-cocina-recipientes-con-tapa","status":"publish","type":"product","link":"https:\/\/www.sellersunionagent.com\/es\/hot-sell-rectangular-storage-box-kitchen-fridge-storage-organizer-box-containers-with-lid\/","title":{"rendered":"Caja de almacenamiento rectangular muy vendida Caja organizadora para el refrigerador de la cocina Contenedores con tapa"},"content":{"rendered":"<h2>Cajas organizadoras con tapa para refrigerador, estantes o gabinetes, para guardar alimentos, bocadillos, sazonadores, condimentos, cubiertos y utensilios.<\/h2>\n<p>&nbsp;<\/p>\n<p>&nbsp;<\/p>\n<ul>\n<li><strong>ALMACENAMIENTO INTELIGENTE:<\/strong> Esta caja organizadora tiene el tama\u00f1o ideal para guardar alimentos enlatados, postres, almuerzos escolares, productos para hornear y muchos otros art\u00edculos esenciales de la despensa de la cocina. \u00dasela en el refrigerador para mantener las frutas y verduras organizadas y listas para consumir.<\/li>\n<\/ul>\n<p>&nbsp;<\/p>\n<p>&nbsp;<\/p>\n<ul>\n<li><strong>APILAR Y ALMACENAR:<\/strong> La tapa con bisagras mantiene el contenido dentro de cada caja, mientras que su dise\u00f1o transparente permite ver f\u00e1cilmente lo que hay dentro sin necesidad de abrir cada caja. El borde elevado alrededor de la tapa mantiene las cajas en su sitio cuando se apilan. Crea un almacenamiento vertical que ahorra espacio en armarios, estantes y gabinetes. Aprovecha al m\u00e1ximo tu espacio de almacenamiento.<\/li>\n<\/ul>\n<p>&nbsp;<\/p>\n<p>&nbsp;<\/p>\n<ul>\n<li><strong>FUNCIONAL Y VERS\u00c1TIL:<\/strong> Estas vers\u00e1tiles cajas de almacenamiento se pueden utilizar en cualquier habitaci\u00f3n de la casa; son ideales para mantener los objetos peque\u00f1os organizados y f\u00e1ciles de encontrar; \u00fasalas en el dormitorio, el ba\u00f1o, el cuarto de lavander\u00eda\/servicios, la oficina en casa, el cuarto de manualidades, el garaje y mucho m\u00e1s; su tama\u00f1o compacto y su capacidad para apilarse tambi\u00e9n las hacen ideales para habitaciones infantiles, dormitorios, condominios, apartamentos, autocaravanas y caravanas.<\/li>\n<\/ul>\n<p>&nbsp;<\/p>\n<p style=\"text-align: center\"><strong><b>Tipo<\/b><\/strong>: Almacenamiento en casa<\/p>\n<p style=\"text-align: center\"><strong><b>N\u00famero de art\u00edculo:<\/b><\/strong> TY-9078<\/p>\n<p style=\"text-align: center\"><strong><b>Tama\u00f1o del art\u00edculo<\/b><\/strong>:<\/p>\n<p style=\"text-align: center\">32,5 x 9,4 x 7 cm<\/p>\n<p style=\"text-align: center\"><strong><b>Peso del art\u00edculo<\/b><\/strong>: 346 g<\/p>\n<p style=\"text-align: center\"><strong><b>Colores<\/b><\/strong>: Transparente<\/p>\n<p style=\"text-align: center\"><strong><b>Material: <\/b><\/strong>PET<\/p>\n<p><img fetchpriority=\"high\" decoding=\"async\" class=\"aligncenter wp-image-10937\" src=\"https:\/\/www.sellersunionagent.com\/wp-content\/uploads\/2022\/10\/\u56fe\u72472-1.png\" alt=\"Proveedor mayorista\" width=\"600\" height=\"602\" \/><\/p>\n<p><img decoding=\"async\" class=\"aligncenter wp-image-10935\" src=\"https:\/\/www.sellersunionagent.com\/wp-content\/uploads\/2022\/10\/O1CN016cjmtO1cki37xjgok_2214334443639-0-cib.jpg\" alt=\"Almacenamiento en casa\" width=\"600\" height=\"600\" \/><\/p>\n<p><img decoding=\"async\" class=\"aligncenter wp-image-10934\" src=\"https:\/\/www.sellersunionagent.com\/wp-content\/uploads\/2022\/10\/O1CN01HMEiix1cki3AfYWYW_2214334443639-0-cib.jpg\" alt=\"Almacenamiento en casa\" width=\"600\" height=\"600\" \/><\/p>","protected":false},"excerpt":{"rendered":"<p><strong><b>MOQ<\/b><\/strong>:  1000 piezas<br \/>\n<strong><b>Muestra gratuita<\/b><\/strong>:  Soporte<br \/>\n<strong><b>Personalizaci\u00f3n<\/b><\/strong>logo \/ color \/ materiales \/ embalaje, etc.<br \/>\n<strong><b>Descuento<\/b><\/strong>:  Primeros pedidos desde 10% de descuento.<br \/>\n<strong><b>Porcentaje de entregas a tiempo<\/b><\/strong>:\u00a0 100%<br \/>\n<strong><b>Env\u00edos totales<\/b><\/strong>:  10000 piezas<br \/>\n<strong><b>Env\u00edo<\/b><\/strong>: Apoyo Express-Carga mar\u00edtima-Carga terrestre<\/p>","protected":false},"featured_media":10936,"comment_status":"open","ping_status":"closed","template":"","meta":{"_acf_changed":false},"product_brand":[],"product_cat":[31,188],"product_tag":[70,99,91],"class_list":{"0":"post-10933","1":"product","2":"type-product","3":"status-publish","4":"has-post-thumbnail","6":"product_cat-home-storage","7":"product_cat-kitchen","8":"product_tag-home-storage","9":"product_tag-wholesale-maker-from-china","10":"product_tag-wholesaler","12":"first","13":"instock","14":"shipping-taxable","15":"product-type-simple","16":"swiper-slide"},"acf":[],"_links":{"self":[{"href":"https:\/\/www.sellersunionagent.com\/es\/wp-json\/wp\/v2\/product\/10933","targetHints":{"allow":["GET"]}}],"collection":[{"href":"https:\/\/www.sellersunionagent.com\/es\/wp-json\/wp\/v2\/product"}],"about":[{"href":"https:\/\/www.sellersunionagent.com\/es\/wp-json\/wp\/v2\/types\/product"}],"replies":[{"embeddable":true,"href":"https:\/\/www.sellersunionagent.com\/es\/wp-json\/wp\/v2\/comments?post=10933"}],"wp:featuredmedia":[{"embeddable":true,"href":"https:\/\/www.sellersunionagent.com\/es\/wp-json\/wp\/v2\/media\/10936"}],"wp:attachment":[{"href":"https:\/\/www.sellersunionagent.com\/es\/wp-json\/wp\/v2\/media?parent=10933"}],"wp:term":[{"taxonomy":"product_brand","embeddable":true,"href":"https:\/\/www.sellersunionagent.com\/es\/wp-json\/wp\/v2\/product_brand?post=10933"},{"taxonomy":"product_cat","embeddable":true,"href":"https:\/\/www.sellersunionagent.com\/es\/wp-json\/wp\/v2\/product_cat?post=10933"},{"taxonomy":"product_tag","embeddable":true,"href":"https:\/\/www.sellersunionagent.com\/es\/wp-json\/wp\/v2\/product_tag?post=10933"}],"curies":[{"name":"wp","href":"https:\/\/api.w.org\/{rel}","templated":true}]}}