{"id":10925,"date":"2022-10-29T10:25:35","date_gmt":"2022-10-29T02:25:35","guid":{"rendered":"https:\/\/sellersunionagent.com\/?post_type=product&#038;p=10925"},"modified":"2022-10-29T10:25:38","modified_gmt":"2022-10-29T02:25:38","slug":"organizador-de-doble-cajon-de-gran-capacidad-al-por-mayor","status":"publish","type":"product","link":"https:\/\/www.sellersunionagent.com\/es\/wholesale-large-capacity-double-drawer-organizer\/","title":{"rendered":"Mayorista Organizador Doble Caj\u00f3n Gran Capacidad"},"content":{"rendered":"<h2 class=\"a-size-large a-spacing-none\"><span class=\"a-size-large product-title-word-break\">Organizador multifuncional para cajones de almacenamiento.<\/span><span id=\"productTitle\" class=\"a-size-large product-title-word-break\">Porta huevos para refrigerador, tipo caj\u00f3n de doble capa<\/span><\/h2>\n<p>&nbsp;<\/p>\n<p>&nbsp;<\/p>\n<ul>\n<li><strong>Amplia aplicaci\u00f3n:<\/strong> Puede ser un recipiente de almacenamiento muy com\u00fan, en el que puedes guardar bolsitas de t\u00e9, c\u00e1psulas de caf\u00e9 y cualquier otra cosa que desees. Adem\u00e1s, es un buen soporte para huevos, ya que evita que se golpeen entre s\u00ed.<\/li>\n<\/ul>\n<p>&nbsp;<\/p>\n<p>&nbsp;<\/p>\n<ul>\n<li><strong>Organizador para el refrigerador:<\/strong> Cuando utilice este soporte, los huevos se colocar\u00e1n en el lugar designado, lo que har\u00e1 que su refrigerador est\u00e9 m\u00e1s ordenado y sea m\u00e1s f\u00e1cil de limpiar que antes. Es una buena garant\u00eda para comer huevos frescos.<\/li>\n<\/ul>\n<p>&nbsp;<\/p>\n<p>&nbsp;<\/p>\n<ul>\n<li><strong>Gran capacidad:<\/strong> Este huevero est\u00e1 dise\u00f1ado con doble capa, cada caj\u00f3n tiene una bandeja extra\u00edble con capacidad para 16 huevos. Cada ranura independiente evita que los huevos se rompan o se golpeen entre s\u00ed. Por lo tanto, su capacidad es suficiente para satisfacer las necesidades diarias.<\/li>\n<\/ul>\n<p>&nbsp;<\/p>\n<p>&nbsp;<\/p>\n<ul>\n<li><strong>Alta calidad y claridad:<\/strong> Utiliza material de alta calidad apto para uso alimentario. Se pueden apilar para ahorrar espacio. El recipiente para guardar huevos es transparente. Podr\u00e1s ver claramente cu\u00e1ntos huevos quedan y reponerlos a tiempo.<\/li>\n<\/ul>\n<p>&nbsp;<\/p>\n<p>&nbsp;<\/p>\n<ul>\n<li><strong>Dise\u00f1o cuidadoso:<\/strong>Los bordes de este recipiente para huevos tienen un dise\u00f1o redondeado, lo que evita que se rayen los dedos. Los dos cajones tienen asas c\u00f3modas, por lo que se pueden abrir sin esfuerzo y sacar los huevos con facilidad. Lo hemos probado y es un buen ayudante.<\/li>\n<\/ul>\n<p>&nbsp;<\/p>\n<p style=\"text-align: center\"><strong><b>Tipo<\/b><\/strong>: Almacenamiento en casa<\/p>\n<p style=\"text-align: center\"><strong><b>N\u00famero de art\u00edculo:<\/b><\/strong> TY-9089-TY9091<\/p>\n<p style=\"text-align: center\"><strong><b>Tama\u00f1o del art\u00edculo<\/b><\/strong>:<\/p>\n<p style=\"text-align: center\">24.7*21.4*14.2<\/p>\n<p style=\"text-align: center\"><strong><b>Peso del art\u00edculo<\/b><\/strong>: 1214 g\/1250 g\/1320 g<\/p>\n<p style=\"text-align: center\"><strong><b>Colores<\/b><\/strong>: Transparente<\/p>\n<p style=\"text-align: center\"><strong><b>Material:<\/b><\/strong>PET<\/p>\n<p><img fetchpriority=\"high\" decoding=\"async\" class=\"aligncenter wp-image-10930\" src=\"https:\/\/www.sellersunionagent.com\/wp-content\/uploads\/2022\/10\/O1CN01W3rNun1cki3IgvVNn_2214334443639-0-cib.jpg\" alt=\"Almacenamiento en casa\" width=\"600\" height=\"600\" \/><\/p>\n<p><img decoding=\"async\" class=\"aligncenter wp-image-10929\" src=\"https:\/\/www.sellersunionagent.com\/wp-content\/uploads\/2022\/10\/O1CN01Rnvg1H1cki3Edo1O0_2214334443639-0-cib.jpg\" alt=\"Proveedor mayorista\" width=\"600\" height=\"600\" \/><\/p>\n<p><img decoding=\"async\" class=\"aligncenter wp-image-10928\" src=\"https:\/\/www.sellersunionagent.com\/wp-content\/uploads\/2022\/10\/O1CN01pCBFXN1cki3EdoDol_2214334443639-0-cib.jpg\" alt=\"Almacenamiento en casa\" width=\"600\" height=\"600\" \/><\/p>\n<p>&nbsp;<\/p>","protected":false},"excerpt":{"rendered":"<p><strong><b>MOQ<\/b><\/strong>:  1000 piezas<br \/>\n<strong><b>Muestra gratuita<\/b><\/strong>:  Soporte<br \/>\n<strong><b>Personalizaci\u00f3n<\/b><\/strong>logo \/ color \/ materiales \/ embalaje, etc.<br \/>\n<strong><b>Descuento<\/b><\/strong>:  Primeros pedidos desde 10% de descuento.<br \/>\n<strong><b>Porcentaje de entregas a tiempo<\/b><\/strong>:\u00a0 100%<br \/>\n<strong><b>Env\u00edos totales<\/b><\/strong>:  10000 piezas<br \/>\n<strong><b>Env\u00edo<\/b><\/strong>: Apoyo Express-Carga mar\u00edtima-Carga terrestre<\/p>","protected":false},"featured_media":10932,"comment_status":"open","ping_status":"closed","template":"","meta":{"_acf_changed":false},"product_brand":[],"product_cat":[31,188],"product_tag":[87,73],"class_list":{"0":"post-10925","1":"product","2":"type-product","3":"status-publish","4":"has-post-thumbnail","6":"product_cat-home-storage","7":"product_cat-kitchen","8":"product_tag-bulk-wholesale","9":"product_tag-home-storagewholesaledurable","11":"first","12":"instock","13":"shipping-taxable","14":"product-type-simple","15":"swiper-slide"},"acf":[],"_links":{"self":[{"href":"https:\/\/www.sellersunionagent.com\/es\/wp-json\/wp\/v2\/product\/10925","targetHints":{"allow":["GET"]}}],"collection":[{"href":"https:\/\/www.sellersunionagent.com\/es\/wp-json\/wp\/v2\/product"}],"about":[{"href":"https:\/\/www.sellersunionagent.com\/es\/wp-json\/wp\/v2\/types\/product"}],"replies":[{"embeddable":true,"href":"https:\/\/www.sellersunionagent.com\/es\/wp-json\/wp\/v2\/comments?post=10925"}],"wp:featuredmedia":[{"embeddable":true,"href":"https:\/\/www.sellersunionagent.com\/es\/wp-json\/wp\/v2\/media\/10932"}],"wp:attachment":[{"href":"https:\/\/www.sellersunionagent.com\/es\/wp-json\/wp\/v2\/media?parent=10925"}],"wp:term":[{"taxonomy":"product_brand","embeddable":true,"href":"https:\/\/www.sellersunionagent.com\/es\/wp-json\/wp\/v2\/product_brand?post=10925"},{"taxonomy":"product_cat","embeddable":true,"href":"https:\/\/www.sellersunionagent.com\/es\/wp-json\/wp\/v2\/product_cat?post=10925"},{"taxonomy":"product_tag","embeddable":true,"href":"https:\/\/www.sellersunionagent.com\/es\/wp-json\/wp\/v2\/product_tag?post=10925"}],"curies":[{"name":"wp","href":"https:\/\/api.w.org\/{rel}","templated":true}]}}