{"id":10863,"date":"2022-10-20T17:17:19","date_gmt":"2022-10-20T09:17:19","guid":{"rendered":"https:\/\/sellersunionagent.com\/?post_type=product&#038;p=10863"},"modified":"2022-10-20T17:17:20","modified_gmt":"2022-10-20T09:17:20","slug":"venta-al-por-mayor-de-neveras-para-cualquier-ocasion","status":"publish","type":"product","link":"https:\/\/www.sellersunionagent.com\/es\/wholesale-refrigerator-storage-suit-for-any-occasion\/","title":{"rendered":"Almacenaje en frigor\u00edfico al por mayor para cualquier ocasi\u00f3n"},"content":{"rendered":"<h2>Cubos organizadores para frigor\u00edfico - Ideal para frigor\u00edfico, congelador, armario de cocina, organizaci\u00f3n de fiestas y almacenamiento<\/h2>\n<p>&nbsp;<\/p>\n<p>&nbsp;<\/p>\n<ul>\n<li><strong>LA OPCI\u00d3N DE ALMACENAMIENTO IDEAL<\/strong> - Los organizadores de frigor\u00edfico apilables pueden ayudar a ahorrar mucho espacio en el frigor\u00edfico. Organice f\u00e1cilmente el espacio para guardar frutas, verduras, alimentos, bebidas, latas, condimentos y otros art\u00edculos. Estos cubos de nevera tambi\u00e9n se pueden colocar en congeladores, despensas, armarios y encimeras para almacenaje.<\/li>\n<\/ul>\n<p>&nbsp;<\/p>\n<p>&nbsp;<\/p>\n<ul>\n<li><strong>DISE\u00d1O MULTIFUNCIONAL<\/strong> - Dise\u00f1o apilable para ayudar a maximizar el espacio de almacenamiento de su frigor\u00edfico. Las tapas de los recipientes para frigor\u00edfico no son herm\u00e9ticas y pueden evitar eficazmente el polvo y los olores. La parte inferior de los grandes recipientes de almacenamiento de verduras para frigor\u00edfico tiene un orificio de drenaje que se puede abrir f\u00e1cilmente para drenar el exceso de agua despu\u00e9s de lavar las verduras y frutas, evitando la humedad y manteniendo fresco.<\/li>\n<\/ul>\n<p>&nbsp;<\/p>\n<p>&nbsp;<\/p>\n<ul>\n<li><strong>MATERIAL DE SEGURIDAD DE CALIDAD ALIMENTARIA<\/strong> - Fabricados en pl\u00e1stico PET transparente y duradero, sin BPA, inastillables, ligeros pero resistentes, y pueden durar mucho tiempo. Los recipientes de almacenamiento del frigor\u00edfico le ofrecen una visi\u00f3n clara y le permiten ver f\u00e1cilmente lo que hay almacenado y encontrar r\u00e1pidamente los art\u00edculos que necesita. Ideales para organizar un frigor\u00edfico desordenado.<\/li>\n<\/ul>\n<p style=\"text-align: center\"><strong><b>Tipo<\/b><\/strong>: Almacenamiento en casa<\/p>\n<p style=\"text-align: center\"><strong><b>N\u00famero de art\u00edculo:<\/b><\/strong> W-61002-W-61004<\/p>\n<p style=\"text-align: center\"><strong><b>Tama\u00f1o del art\u00edculo<\/b><\/strong>:<\/p>\n<p style=\"text-align: center\">S:19*13.3*9.7<\/p>\n<p style=\"text-align: center\">M:25.5*17.3*12.4<\/p>\n<p style=\"text-align: center\">L:31.8*21*15<\/p>\n<p style=\"text-align: center\"><strong><b>Peso del art\u00edculo<\/b><\/strong>:<\/p>\n<p style=\"text-align: center\">S:294g<\/p>\n<p style=\"text-align: center\">M:527g<\/p>\n<p style=\"text-align: center\">L:846g<\/p>\n<p style=\"text-align: center\"><strong><b>Colores<\/b><\/strong>: Amarillo<\/p>\n<p style=\"text-align: center\"><strong><b>Material:<\/b><\/strong> PP,PET,Silicona<\/p>\n<p><img fetchpriority=\"high\" decoding=\"async\" class=\"aligncenter wp-image-10864\" src=\"https:\/\/www.sellersunionagent.com\/wp-content\/uploads\/2022\/10\/O1CN01b6vTmp1cki3Nwwv4x_2214334443639-0-cib.jpg\" alt=\"Proveedor mayorista\" width=\"600\" height=\"600\" \/><\/p>\n<p><img decoding=\"async\" class=\"aligncenter wp-image-10865\" src=\"https:\/\/www.sellersunionagent.com\/wp-content\/uploads\/2022\/10\/O1CN01Bn8yYP1cki3EGFswh_2214334443639-0-cib.jpg\" alt=\"Almacenamiento en casa\" width=\"600\" height=\"600\" \/><\/p>\n<p><img decoding=\"async\" class=\"aligncenter wp-image-10866\" src=\"https:\/\/www.sellersunionagent.com\/wp-content\/uploads\/2022\/10\/O1CN01RgPUZL1cki3775zPW_2214334443639-0-cib.jpg\" alt=\"Almacenamiento en casa\" width=\"600\" height=\"600\" \/><\/p>\n<p><img loading=\"lazy\" decoding=\"async\" class=\"aligncenter wp-image-10867\" src=\"https:\/\/www.sellersunionagent.com\/wp-content\/uploads\/2022\/10\/O1CN014psXd61cki3M0FVnl_2214334443639-0-cib.jpg\" alt=\"Almacenamiento en casa\" width=\"600\" height=\"600\" \/><\/p>","protected":false},"excerpt":{"rendered":"<p><strong><b>MOQ<\/b><\/strong>:  1000 piezas<br \/>\n<strong><b>Muestra gratuita<\/b><\/strong>:  Soporte<br \/>\n<strong><b>Personalizaci\u00f3n<\/b><\/strong>logo \/ color \/ materiales \/ embalaje, etc.<br \/>\n<strong><b>Descuento<\/b><\/strong>:  Primeros pedidos desde 10% de descuento.<br \/>\n<strong><b>Porcentaje de entregas a tiempo<\/b><\/strong>:\u00a0 100%<br \/>\n<strong><b>Env\u00edos totales<\/b><\/strong>:  10000 piezas<br \/>\n<strong><b>Env\u00edo<\/b><\/strong>: Apoyo Express-Carga mar\u00edtima-Carga terrestre<\/p>","protected":false},"featured_media":10871,"comment_status":"open","ping_status":"closed","template":"","meta":{"_acf_changed":false},"product_brand":[],"product_cat":[188,31],"product_tag":[87,73,94],"class_list":{"0":"post-10863","1":"product","2":"type-product","3":"status-publish","4":"has-post-thumbnail","6":"product_cat-kitchen","7":"product_cat-home-storage","8":"product_tag-bulk-wholesale","9":"product_tag-home-storagewholesaledurable","10":"product_tag-organizer","12":"first","13":"instock","14":"shipping-taxable","15":"product-type-simple","16":"swiper-slide"},"acf":[],"_links":{"self":[{"href":"https:\/\/www.sellersunionagent.com\/es\/wp-json\/wp\/v2\/product\/10863","targetHints":{"allow":["GET"]}}],"collection":[{"href":"https:\/\/www.sellersunionagent.com\/es\/wp-json\/wp\/v2\/product"}],"about":[{"href":"https:\/\/www.sellersunionagent.com\/es\/wp-json\/wp\/v2\/types\/product"}],"replies":[{"embeddable":true,"href":"https:\/\/www.sellersunionagent.com\/es\/wp-json\/wp\/v2\/comments?post=10863"}],"wp:featuredmedia":[{"embeddable":true,"href":"https:\/\/www.sellersunionagent.com\/es\/wp-json\/wp\/v2\/media\/10871"}],"wp:attachment":[{"href":"https:\/\/www.sellersunionagent.com\/es\/wp-json\/wp\/v2\/media?parent=10863"}],"wp:term":[{"taxonomy":"product_brand","embeddable":true,"href":"https:\/\/www.sellersunionagent.com\/es\/wp-json\/wp\/v2\/product_brand?post=10863"},{"taxonomy":"product_cat","embeddable":true,"href":"https:\/\/www.sellersunionagent.com\/es\/wp-json\/wp\/v2\/product_cat?post=10863"},{"taxonomy":"product_tag","embeddable":true,"href":"https:\/\/www.sellersunionagent.com\/es\/wp-json\/wp\/v2\/product_tag?post=10863"}],"curies":[{"name":"wp","href":"https:\/\/api.w.org\/{rel}","templated":true}]}}