{"id":10768,"date":"2022-09-28T18:20:40","date_gmt":"2022-09-28T10:20:40","guid":{"rendered":"https:\/\/sellersunionagent.com\/?post_type=product&#038;p=10768"},"modified":"2022-09-28T18:20:40","modified_gmt":"2022-09-28T10:20:40","slug":"caja-de-bolas-de-masa-de-doble-capa-para-almacenamiento-en-frigorifico","status":"publish","type":"product","link":"https:\/\/www.sellersunionagent.com\/es\/household-double-layer-dumpling-box-for-refrigerator-storage\/","title":{"rendered":"Caja para alb\u00f3ndigas de doble capa de uso dom\u00e9stico para almacenamiento en frigor\u00edfico"},"content":{"rendered":"<h2>Dumpling Caja Congelador, PET de doble capa Dumpling Wonton Caja Fresca Cocina Grande Alimentos Nevera Caja de Almacenamiento<\/h2>\n<p>&nbsp;<\/p>\n<p>&nbsp;<\/p>\n<ul>\n<li><strong>MANT\u00c9N TU FRIGOR\u00cdFICO ORGANIZADO:<\/strong> Nuestros cubos de pl\u00e1stico con tapa para frigor\u00edficos est\u00e1n dise\u00f1ados para proporcionarle una forma c\u00f3moda, higi\u00e9nica y asequible de a\u00f1adir m\u00e1s comodidad a la forma de almacenar su carne y comestibles, al tiempo que le ayudan a reducir el desorden y a organizar de forma sencilla todos los elementos esenciales de su frigor\u00edfico.<\/li>\n<\/ul>\n<p>&nbsp;<\/p>\n<p>&nbsp;<\/p>\n<ul>\n<li><strong>PL\u00c1STICO SEGURO Y DURADERO:<\/strong> Nuestras cajas de almacenamiento para armarios frigor\u00edficos est\u00e1n fabricadas con pl\u00e1stico duradero, inastillable y sin BPA para un uso fiable y a largo plazo. No utilizamos productos qu\u00edmicos o ingredientes nocivos para garantizar que nuestras bandejas de almacenamiento no afecten al sabor de sus alimentos.<\/li>\n<\/ul>\n<p>&nbsp;<\/p>\n<p>&nbsp;<\/p>\n<ul>\n<li><strong>Vers\u00e1til:<\/strong> Nuestras cajas de conservaci\u00f3n de alimentos para frigor\u00edfico son perfectas para guardar y congelar alb\u00f3ndigas, bollos y \u00a1frescos! Tambi\u00e9n son estupendas para guardar todo tipo de pasta, lasa\u00f1a y fideos. Tambi\u00e9n se pueden utilizar para guardar alimentos secos en cajones o armarios para prolongar su frescura.<\/li>\n<\/ul>\n<p>&nbsp;<\/p>\n<p>&nbsp;<\/p>\n<ul>\n<li style=\"text-align: left\"><strong>Antideslizante y estable:<\/strong> El fondo del caj\u00f3n tiene un dise\u00f1o antideslizante, que permite guardarlo en el frigor\u00edfico de forma m\u00e1s segura. El dise\u00f1o de ranura es conveniente para apilar el cuerpo de la caja. El apilamiento ilimitado de capas aumenta el espacio de almacenamiento.<\/li>\n<\/ul>\n<p style=\"text-align: center\"><strong>Tipo<\/strong>: Almacenamiento en la cocina<\/p>\n<p style=\"text-align: center\"><strong>N\u00famero de art\u00edculo:<\/strong> TY-9082<\/p>\n<p style=\"text-align: center\"><strong>Tama\u00f1o del art\u00edculo<\/strong>:<\/p>\n<p style=\"text-align: center\">34,7*22,4*9,2 cm<\/p>\n<p style=\"text-align: center\"><strong>Peso del art\u00edculo<\/strong>: 940g<\/p>\n<p style=\"text-align: center\"><strong>Colores<\/strong>: Transparente<\/p>\n<p style=\"text-align: center\"><strong>Material:<\/strong>PET<\/p>\n<p><img fetchpriority=\"high\" decoding=\"async\" class=\"aligncenter wp-image-10772\" src=\"https:\/\/www.sellersunionagent.com\/wp-content\/uploads\/2022\/09\/O1CN012uDdVz1cki3AqmpLE_2214334443639-0-cib.jpg\" alt=\"Proveedor mayorista\" width=\"600\" height=\"600\" \/> <img decoding=\"async\" class=\"aligncenter wp-image-10771\" src=\"https:\/\/www.sellersunionagent.com\/wp-content\/uploads\/2022\/09\/O1CN01Rmfrti1cki3Aqksmj_2214334443639-0-cib.jpg\" alt=\"Proveedor mayorista\" width=\"600\" height=\"600\" \/> <img decoding=\"async\" class=\"aligncenter wp-image-10770\" src=\"https:\/\/www.sellersunionagent.com\/wp-content\/uploads\/2022\/09\/O1CN01iDHOAI1cki3DYbWhl_2214334443639-0-cib.jpg\" alt=\"Proveedor mayorista\" width=\"600\" height=\"600\" \/><\/p>","protected":false},"excerpt":{"rendered":"<p><strong>MOQ<\/strong>:  1000 piezas<br \/>\n<strong>Muestra gratuita<\/strong>:  Soporte<br \/>\n<strong>Personalizaci\u00f3n<\/strong>logo \/ color \/ materiales \/ embalaje, etc.<br \/>\n<strong>Descuento<\/strong>:  Primeros pedidos desde 10% de descuento.<br \/>\n<strong>Porcentaje de entregas a tiempo<\/strong>:\u00a0 100%<br \/>\n<strong>Env\u00edos totales<\/strong>:  10000 piezas<br \/>\n<strong>Env\u00edo<\/strong>: Apoyo Express-Carga mar\u00edtima-Carga terrestre<\/p>","protected":false},"featured_media":10773,"comment_status":"open","ping_status":"closed","template":"","meta":{"_acf_changed":false},"product_brand":[],"product_cat":[188,31],"product_tag":[71,42,70],"class_list":{"0":"post-10768","1":"product","2":"type-product","3":"status-publish","4":"has-post-thumbnail","6":"product_cat-kitchen","7":"product_cat-home-storage","8":"product_tag-durable","9":"product_tag-high-quality","10":"product_tag-home-storage","12":"first","13":"instock","14":"shipping-taxable","15":"product-type-simple","16":"swiper-slide"},"acf":[],"_links":{"self":[{"href":"https:\/\/www.sellersunionagent.com\/es\/wp-json\/wp\/v2\/product\/10768","targetHints":{"allow":["GET"]}}],"collection":[{"href":"https:\/\/www.sellersunionagent.com\/es\/wp-json\/wp\/v2\/product"}],"about":[{"href":"https:\/\/www.sellersunionagent.com\/es\/wp-json\/wp\/v2\/types\/product"}],"replies":[{"embeddable":true,"href":"https:\/\/www.sellersunionagent.com\/es\/wp-json\/wp\/v2\/comments?post=10768"}],"wp:featuredmedia":[{"embeddable":true,"href":"https:\/\/www.sellersunionagent.com\/es\/wp-json\/wp\/v2\/media\/10773"}],"wp:attachment":[{"href":"https:\/\/www.sellersunionagent.com\/es\/wp-json\/wp\/v2\/media?parent=10768"}],"wp:term":[{"taxonomy":"product_brand","embeddable":true,"href":"https:\/\/www.sellersunionagent.com\/es\/wp-json\/wp\/v2\/product_brand?post=10768"},{"taxonomy":"product_cat","embeddable":true,"href":"https:\/\/www.sellersunionagent.com\/es\/wp-json\/wp\/v2\/product_cat?post=10768"},{"taxonomy":"product_tag","embeddable":true,"href":"https:\/\/www.sellersunionagent.com\/es\/wp-json\/wp\/v2\/product_tag?post=10768"}],"curies":[{"name":"wp","href":"https:\/\/api.w.org\/{rel}","templated":true}]}}