{"id":10760,"date":"2022-09-28T18:09:43","date_gmt":"2022-09-28T10:09:43","guid":{"rendered":"https:\/\/sellersunionagent.com\/?post_type=product&#038;p=10760"},"modified":"2022-09-28T18:10:52","modified_gmt":"2022-09-28T10:10:52","slug":"mayorista-organizador-escurridor-rectangular-para-el-hogar","status":"publish","type":"product","link":"https:\/\/www.sellersunionagent.com\/es\/wholesale-rectangular-draining-organizer-for-home\/","title":{"rendered":"Mayorista Organizador Rectangular para Escurrir en Casa"},"content":{"rendered":"<h2>Organizador escurridor rectangular, organizador apilable de frigor\u00edficos para despensas, armarios, estanter\u00edas, cajones, congeladores.<\/h2>\n<p>&nbsp;<\/p>\n<p>&nbsp;<\/p>\n<ul>\n<li>Dise\u00f1o separado para almacenamiento y conservaci\u00f3n<\/li>\n<\/ul>\n<p>&nbsp;<\/p>\n<p>&nbsp;<\/p>\n<ul>\n<li>Compartimento de drenaje para mantener el sabor<\/li>\n<\/ul>\n<p>&nbsp;<\/p>\n<p>&nbsp;<\/p>\n<ul>\n<li>Drenaje r\u00e1pido de una cosa para m\u00faltiples prop\u00f3sitos<\/li>\n<\/ul>\n<p style=\"text-align: center\"><strong>Tipo<\/strong>:  Almacenamiento en la cocina<\/p>\n<p style=\"text-align: center\"><strong>N\u00famero de art\u00edculo:<\/strong> TY-9064<\/p>\n<p style=\"text-align: center\"><strong>Tama\u00f1o del art\u00edculo<\/strong>:<\/p>\n<p style=\"text-align: center\">34,2*10,5*9,3 cm<\/p>\n<p style=\"text-align: center\"><strong>Peso del art\u00edculo<\/strong>: 430g<\/p>\n<p style=\"text-align: center\"><strong>Colores<\/strong>: Transparente<\/p>\n<p style=\"text-align: center\"><strong>Material:<\/strong>PET+PP<\/p>\n<p>&nbsp;<\/p>\n<p><img fetchpriority=\"high\" decoding=\"async\" class=\"aligncenter wp-image-10761\" src=\"https:\/\/www.sellersunionagent.com\/wp-content\/uploads\/2022\/09\/O1CN01bssbyd1cki335qGyi_2214334443639-0-cib.jpg\" alt=\"Proveedor mayorista\" width=\"600\" height=\"600\" \/> <img decoding=\"async\" class=\"aligncenter wp-image-10762\" src=\"https:\/\/www.sellersunionagent.com\/wp-content\/uploads\/2022\/09\/O1CN01FDxpaY1cki3EqNbKN_2214334443639-0-cib.jpg\" alt=\"Proveedor mayorista\" width=\"600\" height=\"600\" \/> <img decoding=\"async\" class=\"aligncenter wp-image-10763\" src=\"https:\/\/www.sellersunionagent.com\/wp-content\/uploads\/2022\/09\/O1CN012Lq61E1cki3EqOoAr_2214334443639-0-cib.jpg\" alt=\"\" width=\"600\" height=\"600\" \/> <img loading=\"lazy\" decoding=\"async\" class=\"aligncenter wp-image-10764\" src=\"https:\/\/www.sellersunionagent.com\/wp-content\/uploads\/2022\/09\/TY-9064-1.jpg\" alt=\"Proveedor mayorista\" width=\"600\" height=\"600\" \/><\/p>","protected":false},"excerpt":{"rendered":"<p><strong>MOQ<\/strong>:  1000 piezas<br \/>\n<strong>Muestra gratuita<\/strong>:  Soporte<br \/>\n<strong>Personalizaci\u00f3n<\/strong>logo \/ color \/ materiales \/ embalaje, etc.<br \/>\n<strong>Descuento<\/strong>:  Primeros pedidos desde 10% de descuento.<br \/>\n<strong>Porcentaje de entregas a tiempo<\/strong>:\u00a0 100%<br \/>\n<strong>Env\u00edos totales<\/strong>:  10000 piezas<br \/>\n<strong>Env\u00edo<\/strong>: Apoyo Express-Carga mar\u00edtima-Carga terrestre<\/p>","protected":false},"featured_media":10767,"comment_status":"open","ping_status":"closed","template":"","meta":{"_acf_changed":false},"product_brand":[],"product_cat":[31,188],"product_tag":[87,42,70],"class_list":{"0":"post-10760","1":"product","2":"type-product","3":"status-publish","4":"has-post-thumbnail","6":"product_cat-home-storage","7":"product_cat-kitchen","8":"product_tag-bulk-wholesale","9":"product_tag-high-quality","10":"product_tag-home-storage","12":"first","13":"instock","14":"shipping-taxable","15":"product-type-simple","16":"swiper-slide"},"acf":[],"_links":{"self":[{"href":"https:\/\/www.sellersunionagent.com\/es\/wp-json\/wp\/v2\/product\/10760","targetHints":{"allow":["GET"]}}],"collection":[{"href":"https:\/\/www.sellersunionagent.com\/es\/wp-json\/wp\/v2\/product"}],"about":[{"href":"https:\/\/www.sellersunionagent.com\/es\/wp-json\/wp\/v2\/types\/product"}],"replies":[{"embeddable":true,"href":"https:\/\/www.sellersunionagent.com\/es\/wp-json\/wp\/v2\/comments?post=10760"}],"wp:featuredmedia":[{"embeddable":true,"href":"https:\/\/www.sellersunionagent.com\/es\/wp-json\/wp\/v2\/media\/10767"}],"wp:attachment":[{"href":"https:\/\/www.sellersunionagent.com\/es\/wp-json\/wp\/v2\/media?parent=10760"}],"wp:term":[{"taxonomy":"product_brand","embeddable":true,"href":"https:\/\/www.sellersunionagent.com\/es\/wp-json\/wp\/v2\/product_brand?post=10760"},{"taxonomy":"product_cat","embeddable":true,"href":"https:\/\/www.sellersunionagent.com\/es\/wp-json\/wp\/v2\/product_cat?post=10760"},{"taxonomy":"product_tag","embeddable":true,"href":"https:\/\/www.sellersunionagent.com\/es\/wp-json\/wp\/v2\/product_tag?post=10760"}],"curies":[{"name":"wp","href":"https:\/\/api.w.org\/{rel}","templated":true}]}}