{"id":10330,"date":"2022-09-02T13:53:13","date_gmt":"2022-09-02T05:53:13","guid":{"rendered":"https:\/\/sellersunionagent.com\/?post_type=product&#038;p=10330"},"modified":"2022-09-02T13:53:16","modified_gmt":"2022-09-02T05:53:16","slug":"mayorista-cesta-de-almacenaje-para-cocina","status":"publish","type":"product","link":"https:\/\/www.sellersunionagent.com\/es\/wholesale-household-storage-basket-for-kitchen\/","title":{"rendered":"Mayorista Cesta de Almacenaje para Cocina"},"content":{"rendered":"<h2 id=\"title\" class=\"a-size-large a-spacing-none\"><span id=\"productTitle\" class=\"a-size-large product-title-word-break\">Cesta de almacenaje de alimentos para cocina, encimeras, armarios, frigor\u00edfico, congelador, dormitorios, ba\u00f1os\u00a0<\/span><\/h2>\n<p>&nbsp;<\/p>\n<p>&nbsp;<\/p>\n<ul>\n<li>Dise\u00f1o pr\u00e1ctico para aprovechar al m\u00e1ximo el espacio. Util\u00edzalos uno al lado del otro para mantener los objetos organizados y f\u00e1ciles de encontrar.<\/li>\n<\/ul>\n<p>&nbsp;<\/p>\n<p>&nbsp;<\/p>\n<ul>\n<li>Ideal para cocinas, encimeras, estantes de la despensa, frigor\u00edficos, congeladores, armarios, ideal para armarios, dormitorios, ba\u00f1os, lavaderos, salas de artesan\u00eda, mudrooms, oficinas, salas de juegos, garajes, o cualquier habitaci\u00f3n de su casa \/ apartamento \/ condominio \/ dormitorio \/ RV o camper.<\/li>\n<\/ul>\n<p>&nbsp;<\/p>\n<p>&nbsp;<\/p>\n<ul>\n<li>Ideal para almacenar productos secos en la despensa, como sopas, paquetes de alimentos, sabores, suministros para hornear, bolsas de aperitivos, alimentos en caja, productos enlatados. Patatas, cebollas y mucho m\u00e1s. Util\u00edcelo como organizador de frigor\u00edfico para guardar frutas, verduras yogures, queso o carne en su frigor\u00edfico o congelador.<\/li>\n<\/ul>\n<p style=\"text-align: center\"><strong>Tipo<\/strong>: Almacenamiento en casa<\/p>\n<p style=\"text-align: center\"><strong>N\u00famero de art\u00edculo:<\/strong> YM6446-6448<\/p>\n<p style=\"text-align: center\"><strong>Tama\u00f1o del art\u00edculo<\/strong>:<\/p>\n<p style=\"text-align: center\">Caja interior: 31,5*12,5*9,5cm<br \/>\nTama\u00f1o del producto: 12,9*9,5*32,9 cm<\/p>\n<p style=\"text-align: center\">13,2*6,9*28,1 cm<\/p>\n<p style=\"text-align: center\">Caja interior: 31.5*12*11cm<br \/>\nTama\u00f1o del producto: 12,6*11,5*32,6 cm<\/p>\n<p style=\"text-align: center\"><strong>Peso del art\u00edculo<\/strong>: 374g,391g,607g<\/p>\n<p style=\"text-align: center\"><strong>Colores<\/strong>: Cerceta, verde oscuro, transparente<\/p>\n<p style=\"text-align: center\"><strong>Material:<\/strong>PET + acero inoxidable<\/p>\n<p><img fetchpriority=\"high\" decoding=\"async\" class=\"aligncenter wp-image-10333\" src=\"https:\/\/www.sellersunionagent.com\/wp-content\/uploads\/2022\/09\/O1CN0104mab91KlTXMS0jWJ_1681711204-0-cib.jpg\" alt=\"Almacenamiento en la cocina\" width=\"600\" height=\"600\" \/> <img decoding=\"async\" class=\"aligncenter wp-image-10332\" src=\"https:\/\/www.sellersunionagent.com\/wp-content\/uploads\/2022\/09\/O1CN01pPz4gT1KlTXN1OxQj_1681711204-0-cib.jpg\" alt=\"Almacenamiento en la cocina\" width=\"600\" height=\"600\" \/> <img decoding=\"async\" class=\"aligncenter wp-image-10331\" src=\"https:\/\/www.sellersunionagent.com\/wp-content\/uploads\/2022\/09\/O1CN01klayzy1KlTXQTA6pN_1681711204-0-cib.jpg\" alt=\"Almacenamiento en la cocina\" width=\"600\" height=\"600\" \/><\/p>","protected":false},"excerpt":{"rendered":"<p><strong>MOQ<\/strong>:  1000 piezas<br \/>\n<strong>Muestra gratuita<\/strong>:  Soporte<br \/>\n<strong>Personalizaci\u00f3n<\/strong>logo \/ color \/ materiales \/ embalaje, etc.<br \/>\n<strong>Descuento<\/strong>:  Primeros pedidos desde 10% de descuento.<br \/>\n<strong>Porcentaje de entregas a tiempo<\/strong>:\u00a0 100%<br \/>\n<strong>Env\u00edos totales<\/strong>:  10000 piezas<br \/>\n<strong>Env\u00edo<\/strong>: Apoyo Express-Carga mar\u00edtima-Carga terrestre<\/p>","protected":false},"featured_media":10334,"comment_status":"open","ping_status":"closed","template":"","meta":{"_acf_changed":false},"product_brand":[],"product_cat":[31,188],"product_tag":[87,46,73],"class_list":{"0":"post-10330","1":"product","2":"type-product","3":"status-publish","4":"has-post-thumbnail","6":"product_cat-home-storage","7":"product_cat-kitchen","8":"product_tag-bulk-wholesale","9":"product_tag-customization","10":"product_tag-home-storagewholesaledurable","12":"first","13":"instock","14":"shipping-taxable","15":"product-type-simple","16":"swiper-slide"},"acf":[],"_links":{"self":[{"href":"https:\/\/www.sellersunionagent.com\/es\/wp-json\/wp\/v2\/product\/10330","targetHints":{"allow":["GET"]}}],"collection":[{"href":"https:\/\/www.sellersunionagent.com\/es\/wp-json\/wp\/v2\/product"}],"about":[{"href":"https:\/\/www.sellersunionagent.com\/es\/wp-json\/wp\/v2\/types\/product"}],"replies":[{"embeddable":true,"href":"https:\/\/www.sellersunionagent.com\/es\/wp-json\/wp\/v2\/comments?post=10330"}],"wp:featuredmedia":[{"embeddable":true,"href":"https:\/\/www.sellersunionagent.com\/es\/wp-json\/wp\/v2\/media\/10334"}],"wp:attachment":[{"href":"https:\/\/www.sellersunionagent.com\/es\/wp-json\/wp\/v2\/media?parent=10330"}],"wp:term":[{"taxonomy":"product_brand","embeddable":true,"href":"https:\/\/www.sellersunionagent.com\/es\/wp-json\/wp\/v2\/product_brand?post=10330"},{"taxonomy":"product_cat","embeddable":true,"href":"https:\/\/www.sellersunionagent.com\/es\/wp-json\/wp\/v2\/product_cat?post=10330"},{"taxonomy":"product_tag","embeddable":true,"href":"https:\/\/www.sellersunionagent.com\/es\/wp-json\/wp\/v2\/product_tag?post=10330"}],"curies":[{"name":"wp","href":"https:\/\/api.w.org\/{rel}","templated":true}]}}