{"id":10248,"date":"2022-08-30T18:06:35","date_gmt":"2022-08-30T10:06:35","guid":{"rendered":"https:\/\/sellersunionagent.com\/?post_type=product&#038;p=10248"},"modified":"2022-09-02T12:26:10","modified_gmt":"2022-09-02T04:26:10","slug":"organizador-de-cestas-de-almacenaje-para-cocina-con-separadores","status":"publish","type":"product","link":"https:\/\/www.sellersunionagent.com\/es\/storage-basket-organizer-for-kitchen-with-dividers\/","title":{"rendered":"Cesta organizadora para cocina con separadores"},"content":{"rendered":"<h2>Organizador de cestas deslizantes para cajones de cocina, con separadores, organizador de estantes multiusos para fregaderos<\/h2>\n<p>&nbsp;<\/p>\n<p>&nbsp;<\/p>\n<ul>\n<li>\u3010Storage Drawer\u3011- Adecuado para armarios, cocinas, ba\u00f1os, despensa, lavaderos, oficinas, dormitorio y as\u00ed sucesivamente.<\/li>\n<\/ul>\n<p>&nbsp;<\/p>\n<p>&nbsp;<\/p>\n<ul>\n<li>\u3010Multi-use\u3011- No s\u00f3lo se puede utilizar debajo del armario del ba\u00f1o o la cocina, tambi\u00e9n en el escritorio como especiero de cocina para sostener granos, alimentos enlatados, sal, como estante de almacenamiento b\u00e1sico en su oficina y dormitorio, como bandeja de ba\u00f1o para sostener cosm\u00e9ticos, esmalte de u\u00f1as, toallas, jab\u00f3n, champ\u00fa, y as\u00ed sucesivamente.<\/li>\n<\/ul>\n<p>&nbsp;<\/p>\n<p>&nbsp;<\/p>\n<ul>\n<li>\u3010F\u00e1cil de instalar y limpiar\u3011. Es a prueba de agua y f\u00e1cil de limpiar. S\u00f3lo limpie con un pa\u00f1o limpio y h\u00famedo.<\/li>\n<\/ul>\n<p>&nbsp;<\/p>\n<p style=\"text-align: center\"><strong>Tipo<\/strong>: Almacenamiento en casa<\/p>\n<p style=\"text-align: center\"><strong>N\u00famero de art\u00edculo:<\/strong> YM-3035<\/p>\n<p style=\"text-align: center\"><strong>Tama\u00f1o del art\u00edculo<\/strong>:<\/p>\n<p style=\"text-align: center\">Plato cuadrado 28*9*3cm<\/p>\n<p style=\"text-align: center\">Tubo largo 63,5*4,7cm<\/p>\n<p style=\"text-align: center\">Tubo corto 39*4,7cm<\/p>\n<p style=\"text-align: center\"><strong>Peso\uff1a<\/strong>876g<\/p>\n<p style=\"text-align: center\"><strong>Colores<\/strong>: Blanco<\/p>\n<p><img fetchpriority=\"high\" decoding=\"async\" class=\"wp-image-10252 aligncenter\" src=\"https:\/\/www.sellersunionagent.com\/wp-content\/uploads\/2022\/08\/O1CN01XZYwuw1KlTagZ3UEv_1681711204-0-cib.jpg\" alt=\"Almacenamiento en la cocina\" width=\"600\" height=\"600\" \/> <img decoding=\"async\" class=\"aligncenter wp-image-10251\" src=\"https:\/\/www.sellersunionagent.com\/wp-content\/uploads\/2022\/08\/O1CN01QJGdJL1KlTaqSbSTX_1681711204-0-cib.jpg\" alt=\"Almacenamiento en la cocina\" width=\"600\" height=\"600\" \/> <img decoding=\"async\" class=\"aligncenter wp-image-10250\" src=\"https:\/\/www.sellersunionagent.com\/wp-content\/uploads\/2022\/08\/O1CN01O7Y6Px1KlTaqSaJkx_1681711204-0-cib.jpg\" alt=\"Almacenamiento en la cocina\" width=\"600\" height=\"600\" \/> <img loading=\"lazy\" decoding=\"async\" class=\"aligncenter wp-image-10249\" src=\"https:\/\/www.sellersunionagent.com\/wp-content\/uploads\/2022\/08\/O1CN01C0WlRZ1KlTaueX5Eo_1681711204-0-cib.jpg\" alt=\"Almacenamiento en la cocina\" width=\"600\" height=\"600\" \/><\/p>","protected":false},"excerpt":{"rendered":"<p><strong>MOQ<\/strong>:  1000 piezas<br \/>\n<strong>Muestra gratuita<\/strong>:  Soporte<br \/>\n<strong>Personalizaci\u00f3n<\/strong>logo \/ color \/ materiales \/ embalaje, etc.<br \/>\n<strong>Descuento<\/strong>:  Primeros pedidos desde 10% de descuento.<br \/>\n<strong>Porcentaje de entregas a tiempo<\/strong>:\u00a0 100%<br \/>\n<strong>Env\u00edos totales<\/strong>:  10000 piezas<br \/>\n<strong>Env\u00edo<\/strong>: Apoyo Express-Carga mar\u00edtima-Carga terrestre<\/p>","protected":false},"featured_media":10253,"comment_status":"open","ping_status":"closed","template":"","meta":{"_acf_changed":false},"product_brand":[],"product_cat":[188,31],"product_tag":[87,42,73],"class_list":{"0":"post-10248","1":"product","2":"type-product","3":"status-publish","4":"has-post-thumbnail","6":"product_cat-kitchen","7":"product_cat-home-storage","8":"product_tag-bulk-wholesale","9":"product_tag-high-quality","10":"product_tag-home-storagewholesaledurable","12":"first","13":"instock","14":"shipping-taxable","15":"product-type-simple","16":"swiper-slide"},"acf":[],"_links":{"self":[{"href":"https:\/\/www.sellersunionagent.com\/es\/wp-json\/wp\/v2\/product\/10248","targetHints":{"allow":["GET"]}}],"collection":[{"href":"https:\/\/www.sellersunionagent.com\/es\/wp-json\/wp\/v2\/product"}],"about":[{"href":"https:\/\/www.sellersunionagent.com\/es\/wp-json\/wp\/v2\/types\/product"}],"replies":[{"embeddable":true,"href":"https:\/\/www.sellersunionagent.com\/es\/wp-json\/wp\/v2\/comments?post=10248"}],"wp:featuredmedia":[{"embeddable":true,"href":"https:\/\/www.sellersunionagent.com\/es\/wp-json\/wp\/v2\/media\/10253"}],"wp:attachment":[{"href":"https:\/\/www.sellersunionagent.com\/es\/wp-json\/wp\/v2\/media?parent=10248"}],"wp:term":[{"taxonomy":"product_brand","embeddable":true,"href":"https:\/\/www.sellersunionagent.com\/es\/wp-json\/wp\/v2\/product_brand?post=10248"},{"taxonomy":"product_cat","embeddable":true,"href":"https:\/\/www.sellersunionagent.com\/es\/wp-json\/wp\/v2\/product_cat?post=10248"},{"taxonomy":"product_tag","embeddable":true,"href":"https:\/\/www.sellersunionagent.com\/es\/wp-json\/wp\/v2\/product_tag?post=10248"}],"curies":[{"name":"wp","href":"https:\/\/api.w.org\/{rel}","templated":true}]}}