{"id":26813,"date":"2025-12-03T18:20:34","date_gmt":"2025-12-03T10:20:34","guid":{"rendered":"https:\/\/sellersunionagent.com\/?page_id=26813"},"modified":"2026-03-27T11:05:46","modified_gmt":"2026-03-27T03:05:46","slug":"client-stories","status":"publish","type":"page","link":"https:\/\/www.sellersunionagent.com\/es\/client-stories\/","title":{"rendered":"Client Stories"},"content":{"rendered":"<div data-elementor-type=\"wp-page\" data-elementor-id=\"26813\" class=\"elementor elementor-26813\" data-elementor-post-type=\"page\">\n\t\t\t\t<div class=\"elementor-element elementor-element-5908bba e-flex e-con-boxed e-con e-parent\" data-id=\"5908bba\" data-element_type=\"container\" data-e-type=\"container\" data-settings=\"{&quot;background_background&quot;:&quot;classic&quot;}\">\n\t\t\t\t\t<div class=\"e-con-inner\">\n\t\t\t\t<div class=\"elementor-element elementor-element-6ce536d elementor-widget elementor-widget-heading\" data-id=\"6ce536d\" data-element_type=\"widget\" data-e-type=\"widget\" data-widget_type=\"heading.default\">\n\t\t\t\t<div class=\"elementor-widget-container\">\n\t\t\t\t\t<h1 class=\"elementor-heading-title elementor-size-default\">Blog<\/h1>\t\t\t\t<\/div>\n\t\t\t\t<\/div>\n\t\t\t\t<div class=\"elementor-element elementor-element-22d2be2 elementor-widget elementor-widget-heading\" data-id=\"22d2be2\" data-element_type=\"widget\" data-e-type=\"widget\" data-widget_type=\"heading.default\">\n\t\t\t\t<div class=\"elementor-widget-container\">\n\t\t\t\t\t<p class=\"elementor-heading-title elementor-size-default\">Estamos aqu\u00ed para mantenerle al d\u00eda de todo lo que ocurre en el sector del almacenamiento dom\u00e9stico.<\/p>\t\t\t\t<\/div>\n\t\t\t\t<\/div>\n\t\t\t\t\t<\/div>\n\t\t\t\t<\/div>\n\t\t<div class=\"elementor-element elementor-element-f306920 e-flex e-con-boxed e-con e-parent\" data-id=\"f306920\" data-element_type=\"container\" data-e-type=\"container\">\n\t\t\t\t\t<div class=\"e-con-inner\">\n\t\t<div class=\"elementor-element elementor-element-92c6d16 e-con-full e-flex e-con e-child\" data-id=\"92c6d16\" data-element_type=\"container\" data-e-type=\"container\">\n\t\t\t\t<div class=\"elementor-element elementor-element-e112c70 elementor-widget elementor-widget-woocommerce-breadcrumb\" data-id=\"e112c70\" data-element_type=\"widget\" data-e-type=\"widget\" data-widget_type=\"woocommerce-breadcrumb.default\">\n\t\t\t\t<div class=\"elementor-widget-container\">\n\t\t\t\t\t<nav class=\"woocommerce-breadcrumb\" aria-label=\"Breadcrumb\" data-no-translation=\"\" data-trp-gettext=\"\">Inicio<\/nav>\t\t\t\t<\/div>\n\t\t\t\t<\/div>\n\t\t\t\t<\/div>\n\t\t\t\t\t<\/div>\n\t\t\t\t<\/div>\n\t\t<div class=\"elementor-element elementor-element-8fb6303 e-flex e-con-boxed e-con e-parent\" data-id=\"8fb6303\" data-element_type=\"container\" data-e-type=\"container\">\n\t\t\t\t\t<div class=\"e-con-inner\">\n\t\t\t\t<div class=\"elementor-element elementor-element-57fba15 tab-pannel elementor-grid-4 elementor-posts__hover-none elementor-grid-tablet-2 elementor-grid-mobile-1 elementor-posts--thumbnail-top elementor-widget elementor-widget-posts\" data-id=\"57fba15\" data-element_type=\"widget\" data-e-type=\"widget\" data-settings=\"{&quot;pagination_type&quot;:&quot;numbers_and_prev_next&quot;,&quot;cards_columns&quot;:&quot;4&quot;,&quot;cards_row_gap&quot;:{&quot;unit&quot;:&quot;px&quot;,&quot;size&quot;:30,&quot;sizes&quot;:[]},&quot;cards_row_gap_mobile&quot;:{&quot;unit&quot;:&quot;px&quot;,&quot;size&quot;:0,&quot;sizes&quot;:[]},&quot;cards_columns_tablet&quot;:&quot;2&quot;,&quot;cards_columns_mobile&quot;:&quot;1&quot;,&quot;cards_row_gap_tablet&quot;:{&quot;unit&quot;:&quot;px&quot;,&quot;size&quot;:&quot;&quot;,&quot;sizes&quot;:[]}}\" data-widget_type=\"posts.cards\">\n\t\t\t\t<div class=\"elementor-widget-container\">\n\t\t\t\t\t\t\t<div class=\"elementor-posts-container elementor-posts elementor-posts--skin-cards elementor-grid\" role=\"list\">\n\t\t\t\t<article class=\"elementor-post elementor-grid-item post-27517 post type-post status-publish format-standard has-post-thumbnail hentry category-client-stories\" role=\"listitem\">\n\t\t\t<div class=\"elementor-post__card\">\n\t\t\t\t<a class=\"elementor-post__thumbnail__link\" href=\"https:\/\/www.sellersunionagent.com\/es\/yiwu-trade-city-five-days-from-price-negotiation-to-value-resonance-how-do-we-win-two-high-container-trust-orders-with-professionalism\/\" tabindex=\"-1\" ><div class=\"elementor-post__thumbnail\"><img fetchpriority=\"high\" decoding=\"async\" width=\"1080\" height=\"1054\" src=\"https:\/\/www.sellersunionagent.com\/wp-content\/uploads\/2025\/12\/3e791e212949bed12a8fa8c12fb454e7_t047a0b00f5ffbe2641-2025122610441558.webp\" class=\"attachment-medium size-medium wp-image-27521\" alt=\"Yiwu Trade City\" srcset=\"https:\/\/www.sellersunionagent.com\/wp-content\/uploads\/2025\/12\/3e791e212949bed12a8fa8c12fb454e7_t047a0b00f5ffbe2641-2025122610441558.webp 1080w, https:\/\/www.sellersunionagent.com\/wp-content\/uploads\/2025\/12\/3e791e212949bed12a8fa8c12fb454e7_t047a0b00f5ffbe2641-2025122610441558-12x12.webp 12w\" sizes=\"(max-width: 1080px) 100vw, 1080px\" \/><\/div><\/a>\n\t\t\t\t<div class=\"elementor-post__text\">\n\t\t\t\t<h3 class=\"elementor-post__title\">\n\t\t\t<a href=\"https:\/\/www.sellersunionagent.com\/es\/yiwu-trade-city-five-days-from-price-negotiation-to-value-resonance-how-do-we-win-two-high-container-trust-orders-with-professionalism\/\" >\n\t\t\t\tYiwu Trade City Five Days: From Price Negotiation to Value Resonance, How Do We Win Two High Container Trust Orders with Professionalism\t\t\t<\/a>\n\t\t<\/h3>\n\t\t\n\t\t<a class=\"elementor-post__read-more\" href=\"https:\/\/www.sellersunionagent.com\/es\/yiwu-trade-city-five-days-from-price-negotiation-to-value-resonance-how-do-we-win-two-high-container-trust-orders-with-professionalism\/\" aria-label=\"Read more about Yiwu Trade City Five Days: From Price Negotiation to Value Resonance, How Do We Win Two High Container Trust Orders with Professionalism\" tabindex=\"-1\" >\n\t\t\tRead More\t\t<\/a>\n\n\t\t\t\t<\/div>\n\t\t\t\t<div class=\"elementor-post__meta-data\">\n\t\t\t\t\t<span class=\"elementor-post-author\">\n\t\t\tDiamond Zu\t\t<\/span>\n\t\t\t\t<span class=\"elementor-post-date\">\n\t\t\tdiciembre 26, 2025\t\t<\/span>\n\t\t\t\t<\/div>\n\t\t\t\t\t<\/div>\n\t\t<\/article>\n\t\t\t\t<article class=\"elementor-post elementor-grid-item post-27512 post type-post status-publish format-standard has-post-thumbnail hentry category-client-stories\" role=\"listitem\">\n\t\t\t<div class=\"elementor-post__card\">\n\t\t\t\t<a class=\"elementor-post__thumbnail__link\" href=\"https:\/\/www.sellersunionagent.com\/es\/7-days-of-yiwu-miracle-how-to-win-long-term-cooperation-with-american-retail-giants-with-data-and-details\/\" tabindex=\"-1\" ><div class=\"elementor-post__thumbnail\"><img decoding=\"async\" width=\"700\" height=\"923\" src=\"https:\/\/www.sellersunionagent.com\/wp-content\/uploads\/2025\/12\/image-2025122510321053.webp\" class=\"attachment-medium size-medium wp-image-27515\" alt=\"Mercado de comercio internacional de Yiwu\" srcset=\"https:\/\/www.sellersunionagent.com\/wp-content\/uploads\/2025\/12\/image-2025122510321053.webp 700w, https:\/\/www.sellersunionagent.com\/wp-content\/uploads\/2025\/12\/image-2025122510321053-9x12.webp 9w\" sizes=\"(max-width: 700px) 100vw, 700px\" \/><\/div><\/a>\n\t\t\t\t<div class=\"elementor-post__text\">\n\t\t\t\t<h3 class=\"elementor-post__title\">\n\t\t\t<a href=\"https:\/\/www.sellersunionagent.com\/es\/7-days-of-yiwu-miracle-how-to-win-long-term-cooperation-with-american-retail-giants-with-data-and-details\/\" >\n\t\t\t\t7 Days of Yiwu Miracle: How to Win Long Term Cooperation with American Retail Giants with Data and Details\t\t\t<\/a>\n\t\t<\/h3>\n\t\t\n\t\t<a class=\"elementor-post__read-more\" href=\"https:\/\/www.sellersunionagent.com\/es\/7-days-of-yiwu-miracle-how-to-win-long-term-cooperation-with-american-retail-giants-with-data-and-details\/\" aria-label=\"Read more about 7 Days of Yiwu Miracle: How to Win Long Term Cooperation with American Retail Giants with Data and Details\" tabindex=\"-1\" >\n\t\t\tRead More\t\t<\/a>\n\n\t\t\t\t<\/div>\n\t\t\t\t<div class=\"elementor-post__meta-data\">\n\t\t\t\t\t<span class=\"elementor-post-author\">\n\t\t\tDiamond Zu\t\t<\/span>\n\t\t\t\t<span class=\"elementor-post-date\">\n\t\t\tdiciembre 25, 2025\t\t<\/span>\n\t\t\t\t<\/div>\n\t\t\t\t\t<\/div>\n\t\t<\/article>\n\t\t\t\t<article class=\"elementor-post elementor-grid-item post-27127 post type-post status-publish format-standard has-post-thumbnail hentry category-client-stories\" role=\"listitem\">\n\t\t\t<div class=\"elementor-post__card\">\n\t\t\t\t<a class=\"elementor-post__thumbnail__link\" href=\"https:\/\/www.sellersunionagent.com\/es\/your-strategic-sourcing-partner-in-china-a-36-hour-factory-mission-for-a-georgian-client\/\" tabindex=\"-1\" ><div class=\"elementor-post__thumbnail\"><img decoding=\"async\" width=\"632\" height=\"436\" src=\"https:\/\/www.sellersunionagent.com\/wp-content\/uploads\/2025\/12\/\u5fae\u4fe1\u56fe\u7247_20251205172722_995_226-2025120509424041.webp\" class=\"attachment-medium size-medium wp-image-27130\" alt=\"\u5fae\u4fe1\u56fe\u7247 20251205172722 995 226\" srcset=\"https:\/\/www.sellersunionagent.com\/wp-content\/uploads\/2025\/12\/\u5fae\u4fe1\u56fe\u7247_20251205172722_995_226-2025120509424041.webp 632w, https:\/\/www.sellersunionagent.com\/wp-content\/uploads\/2025\/12\/\u5fae\u4fe1\u56fe\u7247_20251205172722_995_226-2025120509424041-18x12.webp 18w\" sizes=\"(max-width: 632px) 100vw, 632px\" \/><\/div><\/a>\n\t\t\t\t<div class=\"elementor-post__text\">\n\t\t\t\t<h3 class=\"elementor-post__title\">\n\t\t\t<a href=\"https:\/\/www.sellersunionagent.com\/es\/your-strategic-sourcing-partner-in-china-a-36-hour-factory-mission-for-a-georgian-client\/\" >\n\t\t\t\tYour Strategic Sourcing Partner in China: A 36-Hour Factory Mission for a Georgian Client\t\t\t<\/a>\n\t\t<\/h3>\n\t\t\n\t\t<a class=\"elementor-post__read-more\" href=\"https:\/\/www.sellersunionagent.com\/es\/your-strategic-sourcing-partner-in-china-a-36-hour-factory-mission-for-a-georgian-client\/\" aria-label=\"Read more about Your Strategic Sourcing Partner in China: A 36-Hour Factory Mission for a Georgian Client\" tabindex=\"-1\" >\n\t\t\tRead More\t\t<\/a>\n\n\t\t\t\t<\/div>\n\t\t\t\t<div class=\"elementor-post__meta-data\">\n\t\t\t\t\t<span class=\"elementor-post-author\">\n\t\t\tDiamond Zu\t\t<\/span>\n\t\t\t\t<span class=\"elementor-post-date\">\n\t\t\tdiciembre 5, 2025\t\t<\/span>\n\t\t\t\t<\/div>\n\t\t\t\t\t<\/div>\n\t\t<\/article>\n\t\t\t\t<article class=\"elementor-post elementor-grid-item post-27114 post type-post status-publish format-standard has-post-thumbnail hentry category-client-stories\" role=\"listitem\">\n\t\t\t<div class=\"elementor-post__card\">\n\t\t\t\t<a class=\"elementor-post__thumbnail__link\" href=\"https:\/\/www.sellersunionagent.com\/es\/mastering-efficiency-in-yiwu-a-seamless-sourcing-journey-with-our-romanian-partner\/\" tabindex=\"-1\" ><div class=\"elementor-post__thumbnail\"><img loading=\"lazy\" decoding=\"async\" width=\"591\" height=\"309\" src=\"https:\/\/www.sellersunionagent.com\/wp-content\/uploads\/2025\/12\/\u56fe\u7247\u7d20\u6750-2025120508345182.webp\" class=\"attachment-medium size-medium wp-image-27115\" alt=\"\u56fe\u7247\u7d20\u6750\" srcset=\"https:\/\/www.sellersunionagent.com\/wp-content\/uploads\/2025\/12\/\u56fe\u7247\u7d20\u6750-2025120508345182.webp 591w, https:\/\/www.sellersunionagent.com\/wp-content\/uploads\/2025\/12\/\u56fe\u7247\u7d20\u6750-2025120508345182-18x9.webp 18w\" sizes=\"(max-width: 591px) 100vw, 591px\" \/><\/div><\/a>\n\t\t\t\t<div class=\"elementor-post__text\">\n\t\t\t\t<h3 class=\"elementor-post__title\">\n\t\t\t<a href=\"https:\/\/www.sellersunionagent.com\/es\/mastering-efficiency-in-yiwu-a-seamless-sourcing-journey-with-our-romanian-partner\/\" >\n\t\t\t\tMastering Efficiency in Yiwu: A Seamless Sourcing Journey with Our Romanian Partner\t\t\t<\/a>\n\t\t<\/h3>\n\t\t\n\t\t<a class=\"elementor-post__read-more\" href=\"https:\/\/www.sellersunionagent.com\/es\/mastering-efficiency-in-yiwu-a-seamless-sourcing-journey-with-our-romanian-partner\/\" aria-label=\"Read more about Mastering Efficiency in Yiwu: A Seamless Sourcing Journey with Our Romanian Partner\" tabindex=\"-1\" >\n\t\t\tRead More\t\t<\/a>\n\n\t\t\t\t<\/div>\n\t\t\t\t<div class=\"elementor-post__meta-data\">\n\t\t\t\t\t<span class=\"elementor-post-author\">\n\t\t\tDiamond Zu\t\t<\/span>\n\t\t\t\t<span class=\"elementor-post-date\">\n\t\t\tdiciembre 5, 2025\t\t<\/span>\n\t\t\t\t<\/div>\n\t\t\t\t\t<\/div>\n\t\t<\/article>\n\t\t\t\t<article class=\"elementor-post elementor-grid-item post-26837 post type-post status-publish format-standard has-post-thumbnail hentry category-client-stories\" role=\"listitem\">\n\t\t\t<div class=\"elementor-post__card\">\n\t\t\t\t<a class=\"elementor-post__thumbnail__link\" href=\"https:\/\/www.sellersunionagent.com\/es\/yiwu-seven-days-an-efficient-and-warm-cross-border-procurement-journey-russian-client\/\" tabindex=\"-1\" ><div class=\"elementor-post__thumbnail\"><img loading=\"lazy\" decoding=\"async\" width=\"760\" height=\"361\" src=\"https:\/\/www.sellersunionagent.com\/wp-content\/uploads\/2025\/12\/cooperation-2-2025120310510115.webp\" class=\"attachment-medium size-medium wp-image-26844\" alt=\"cooperation 2\" srcset=\"https:\/\/www.sellersunionagent.com\/wp-content\/uploads\/2025\/12\/cooperation-2-2025120310510115.webp 760w, https:\/\/www.sellersunionagent.com\/wp-content\/uploads\/2025\/12\/cooperation-2-2025120310510115-18x9.webp 18w\" sizes=\"(max-width: 760px) 100vw, 760px\" \/><\/div><\/a>\n\t\t\t\t<div class=\"elementor-post__text\">\n\t\t\t\t<h3 class=\"elementor-post__title\">\n\t\t\t<a href=\"https:\/\/www.sellersunionagent.com\/es\/yiwu-seven-days-an-efficient-and-warm-cross-border-procurement-journey-russian-client\/\" >\n\t\t\t\tYiwu Seven Days: An Efficient and Warm Cross border Procurement Journey-Russian client\t\t\t<\/a>\n\t\t<\/h3>\n\t\t\n\t\t<a class=\"elementor-post__read-more\" href=\"https:\/\/www.sellersunionagent.com\/es\/yiwu-seven-days-an-efficient-and-warm-cross-border-procurement-journey-russian-client\/\" aria-label=\"Read more about Yiwu Seven Days: An Efficient and Warm Cross border Procurement Journey-Russian client\" tabindex=\"-1\" >\n\t\t\tRead More\t\t<\/a>\n\n\t\t\t\t<\/div>\n\t\t\t\t<div class=\"elementor-post__meta-data\">\n\t\t\t\t\t<span class=\"elementor-post-author\">\n\t\t\tDiamond Zu\t\t<\/span>\n\t\t\t\t<span class=\"elementor-post-date\">\n\t\t\tdiciembre 3, 2025\t\t<\/span>\n\t\t\t\t<\/div>\n\t\t\t\t\t<\/div>\n\t\t<\/article>\n\t\t\t\t<article class=\"elementor-post elementor-grid-item post-26797 post type-post status-publish format-standard has-post-thumbnail hentry category-client-stories\" role=\"listitem\">\n\t\t\t<div class=\"elementor-post__card\">\n\t\t\t\t<a class=\"elementor-post__thumbnail__link\" href=\"https:\/\/www.sellersunionagent.com\/es\/from-betrayal-to-trust-a-win-win-story-of-a-brazilian-customer-and-a-chinese-supplier\/\" tabindex=\"-1\" ><div class=\"elementor-post__thumbnail\"><img loading=\"lazy\" decoding=\"async\" width=\"800\" height=\"400\" src=\"https:\/\/www.sellersunionagent.com\/wp-content\/uploads\/2025\/12\/win-win-relationship-2025120310170519.webp\" class=\"attachment-medium size-medium wp-image-26811\" alt=\"win win relationship\" srcset=\"https:\/\/www.sellersunionagent.com\/wp-content\/uploads\/2025\/12\/win-win-relationship-2025120310170519.webp 800w, https:\/\/www.sellersunionagent.com\/wp-content\/uploads\/2025\/12\/win-win-relationship-2025120310170519-18x9.webp 18w\" sizes=\"(max-width: 800px) 100vw, 800px\" \/><\/div><\/a>\n\t\t\t\t<div class=\"elementor-post__text\">\n\t\t\t\t<h3 class=\"elementor-post__title\">\n\t\t\t<a href=\"https:\/\/www.sellersunionagent.com\/es\/from-betrayal-to-trust-a-win-win-story-of-a-brazilian-customer-and-a-chinese-supplier\/\" >\n\t\t\t\tFrom Betrayal to Trust: A Win Win Story of a Brazilian Customer and a Chinese Supplier\t\t\t<\/a>\n\t\t<\/h3>\n\t\t\n\t\t<a class=\"elementor-post__read-more\" href=\"https:\/\/www.sellersunionagent.com\/es\/from-betrayal-to-trust-a-win-win-story-of-a-brazilian-customer-and-a-chinese-supplier\/\" aria-label=\"Read more about From Betrayal to Trust: A Win Win Story of a Brazilian Customer and a Chinese Supplier\" tabindex=\"-1\" >\n\t\t\tRead More\t\t<\/a>\n\n\t\t\t\t<\/div>\n\t\t\t\t<div class=\"elementor-post__meta-data\">\n\t\t\t\t\t<span class=\"elementor-post-author\">\n\t\t\tDiamond Zu\t\t<\/span>\n\t\t\t\t<span class=\"elementor-post-date\">\n\t\t\tdiciembre 3, 2025\t\t<\/span>\n\t\t\t\t<\/div>\n\t\t\t\t\t<\/div>\n\t\t<\/article>\n\t\t\t\t<article class=\"elementor-post elementor-grid-item post-26347 post type-post status-publish format-standard has-post-thumbnail hentry category-client-stories tag-yiwu-agent\" role=\"listitem\">\n\t\t\t<div class=\"elementor-post__card\">\n\t\t\t\t<a class=\"elementor-post__thumbnail__link\" href=\"https:\/\/www.sellersunionagent.com\/es\/yiwu-purchasing-agency-case-study-helping-a-kazakhstan-retailer-purchase-5-containers-of-groceries-and-daily-necessities\/\" tabindex=\"-1\" ><div class=\"elementor-post__thumbnail\"><img loading=\"lazy\" decoding=\"async\" width=\"650\" height=\"365\" src=\"https:\/\/www.sellersunionagent.com\/wp-content\/uploads\/2025\/11\/Yiwu-agent-2025111706555443.webp\" class=\"attachment-medium size-medium wp-image-26355\" alt=\"Agente de Yiwu\" srcset=\"https:\/\/www.sellersunionagent.com\/wp-content\/uploads\/2025\/11\/Yiwu-agent-2025111706555443.webp 650w, https:\/\/www.sellersunionagent.com\/wp-content\/uploads\/2025\/11\/Yiwu-agent-2025111706555443-18x10.webp 18w\" sizes=\"(max-width: 650px) 100vw, 650px\" \/><\/div><\/a>\n\t\t\t\t<div class=\"elementor-post__text\">\n\t\t\t\t<h3 class=\"elementor-post__title\">\n\t\t\t<a href=\"https:\/\/www.sellersunionagent.com\/es\/yiwu-purchasing-agency-case-study-helping-a-kazakhstan-retailer-purchase-5-containers-of-groceries-and-daily-necessities\/\" >\n\t\t\t\tCaso pr\u00e1ctico de la agencia de compras de Yiwu: ayuda a un minorista de Kazajist\u00e1n a comprar alimentos y productos de primera necesidad.\t\t\t<\/a>\n\t\t<\/h3>\n\t\t\n\t\t<a class=\"elementor-post__read-more\" href=\"https:\/\/www.sellersunionagent.com\/es\/yiwu-purchasing-agency-case-study-helping-a-kazakhstan-retailer-purchase-5-containers-of-groceries-and-daily-necessities\/\" aria-label=\"Read more about Yiwu Purchasing Agency Case Study: Helping a Kazakhstan\u00a0Retailer Purchase Groceries and Daily Necessities\" tabindex=\"-1\" >\n\t\t\tRead More\t\t<\/a>\n\n\t\t\t\t<\/div>\n\t\t\t\t<div class=\"elementor-post__meta-data\">\n\t\t\t\t\t<span class=\"elementor-post-author\">\n\t\t\tDiamond Zu\t\t<\/span>\n\t\t\t\t<span class=\"elementor-post-date\">\n\t\t\t17 de noviembre de 2025\t\t<\/span>\n\t\t\t\t<\/div>\n\t\t\t\t\t<\/div>\n\t\t<\/article>\n\t\t\t\t<article class=\"elementor-post elementor-grid-item post-26339 post type-post status-publish format-standard has-post-thumbnail hentry category-client-stories tag-buying-guide\" role=\"listitem\">\n\t\t\t<div class=\"elementor-post__card\">\n\t\t\t\t<a class=\"elementor-post__thumbnail__link\" href=\"https:\/\/www.sellersunionagent.com\/es\/your-sourcing-partner-in-yiwu-a-4-day-journey-with-our-kazakh-client-from-sellers-union\/\" tabindex=\"-1\" ><div class=\"elementor-post__thumbnail\"><img loading=\"lazy\" decoding=\"async\" width=\"5712\" height=\"4284\" src=\"https:\/\/www.sellersunionagent.com\/wp-content\/uploads\/2025\/11\/\u5c01\u9762-2025111703564574.webp\" class=\"attachment-medium size-medium wp-image-26340\" alt=\"\u5c01\u9762-2025111703564574.webp\" srcset=\"https:\/\/www.sellersunionagent.com\/wp-content\/uploads\/2025\/11\/\u5c01\u9762-2025111703564574.webp 5712w, https:\/\/www.sellersunionagent.com\/wp-content\/uploads\/2025\/11\/\u5c01\u9762-2025111703564574-16x12.webp 16w\" sizes=\"(max-width: 5712px) 100vw, 5712px\" \/><\/div><\/a>\n\t\t\t\t<div class=\"elementor-post__text\">\n\t\t\t\t<h3 class=\"elementor-post__title\">\n\t\t\t<a href=\"https:\/\/www.sellersunionagent.com\/es\/your-sourcing-partner-in-yiwu-a-4-day-journey-with-our-kazakh-client-from-sellers-union\/\" >\n\t\t\t\tYour Sourcing Partner in Yiwu: A 4-Day Journey with Our South America Client from Sellers Union\t\t\t<\/a>\n\t\t<\/h3>\n\t\t\n\t\t<a class=\"elementor-post__read-more\" href=\"https:\/\/www.sellersunionagent.com\/es\/your-sourcing-partner-in-yiwu-a-4-day-journey-with-our-kazakh-client-from-sellers-union\/\" aria-label=\"Read more about Your Sourcing Partner in Yiwu: A 4-Day Journey with Our South America Client from Sellers Union\" tabindex=\"-1\" >\n\t\t\tRead More\t\t<\/a>\n\n\t\t\t\t<\/div>\n\t\t\t\t<div class=\"elementor-post__meta-data\">\n\t\t\t\t\t<span class=\"elementor-post-author\">\n\t\t\tDiamond Zu\t\t<\/span>\n\t\t\t\t<span class=\"elementor-post-date\">\n\t\t\t17 de noviembre de 2025\t\t<\/span>\n\t\t\t\t<\/div>\n\t\t\t\t\t<\/div>\n\t\t<\/article>\n\t\t\t\t<\/div>\n\t\t\n\t\t\t\t\t\t<\/div>\n\t\t\t\t<\/div>\n\t\t\t\t\t<\/div>\n\t\t\t\t<\/div>\n\t\t\t\t<\/div>","protected":false},"excerpt":{"rendered":"<p>Blog We&#8217;re here to keep you up-to-date with all the latest happenings at the home storage industry.<\/p>","protected":false},"author":8,"featured_media":0,"parent":0,"menu_order":0,"comment_status":"closed","ping_status":"closed","template":"","meta":{"_acf_changed":false,"footnotes":""},"class_list":["post-26813","page","type-page","status-publish","hentry"],"acf":[],"_links":{"self":[{"href":"https:\/\/www.sellersunionagent.com\/es\/wp-json\/wp\/v2\/pages\/26813","targetHints":{"allow":["GET"]}}],"collection":[{"href":"https:\/\/www.sellersunionagent.com\/es\/wp-json\/wp\/v2\/pages"}],"about":[{"href":"https:\/\/www.sellersunionagent.com\/es\/wp-json\/wp\/v2\/types\/page"}],"author":[{"embeddable":true,"href":"https:\/\/www.sellersunionagent.com\/es\/wp-json\/wp\/v2\/users\/8"}],"replies":[{"embeddable":true,"href":"https:\/\/www.sellersunionagent.com\/es\/wp-json\/wp\/v2\/comments?post=26813"}],"version-history":[{"count":13,"href":"https:\/\/www.sellersunionagent.com\/es\/wp-json\/wp\/v2\/pages\/26813\/revisions"}],"predecessor-version":[{"id":28171,"href":"https:\/\/www.sellersunionagent.com\/es\/wp-json\/wp\/v2\/pages\/26813\/revisions\/28171"}],"wp:attachment":[{"href":"https:\/\/www.sellersunionagent.com\/es\/wp-json\/wp\/v2\/media?parent=26813"}],"curies":[{"name":"wp","href":"https:\/\/api.w.org\/{rel}","templated":true}]}}